{"id":15849,"date":"2021-09-14T18:54:37","date_gmt":"2021-09-14T18:54:37","guid":{"rendered":"https:\/\/www.allforhorses.ee\/?post_type=product&#038;p=15849"},"modified":"2024-05-22T06:15:47","modified_gmt":"2024-05-22T06:15:47","slug":"hkm-hobuste-manguasi-feed-ball","status":"publish","type":"product","link":"https:\/\/www.allforhorses.ee\/ru\/toode\/hkm-hobuste-manguasi-feed-ball\/","title":{"rendered":"HKM Hobuste M\u00e4nguasi Feed Ball"},"content":{"rendered":"","protected":false},"excerpt":{"rendered":"<p><b>Hobuste m\u00e4nguasi Feed Ball\u00a0<\/b>m\u00e4nguasi aitab igavust peletada, v\u00e4hendab stressi ja l\u00f5dvestab lihaseid.<br \/>\nT\u00e4ida m\u00e4nguasi hobuse lemmikute maiustustega ja lase tal nurgelist palli m\u00f6\u00f6da maad edasi liigutada, et kukkusid maiused seest v\u00e4lja.<\/p>\n<p>V\u00e4rv: punane<\/p>\n","protected":false},"featured_media":15852,"template":"","meta":[],"product_brand":[],"product_cat":[158,209,210],"product_tag":[],"class_list":{"0":"post-15849","1":"product","2":"type-product","3":"status-publish","4":"has-post-thumbnail","6":"product_cat-hobusele","7":"product_cat-manguasjad-hobustele","8":"product_cat-hobuste-manguasjad","10":"first","11":"instock","12":"taxable","13":"shipping-taxable","14":"purchasable","15":"product-type-simple"},"_links":{"self":[{"href":"https:\/\/www.allforhorses.ee\/ru\/wp-json\/wp\/v2\/product\/15849","targetHints":{"allow":["GET"]}}],"collection":[{"href":"https:\/\/www.allforhorses.ee\/ru\/wp-json\/wp\/v2\/product"}],"about":[{"href":"https:\/\/www.allforhorses.ee\/ru\/wp-json\/wp\/v2\/types\/product"}],"wp:featuredmedia":[{"embeddable":true,"href":"https:\/\/www.allforhorses.ee\/ru\/wp-json\/wp\/v2\/media\/15852"}],"wp:attachment":[{"href":"https:\/\/www.allforhorses.ee\/ru\/wp-json\/wp\/v2\/media?parent=15849"}],"wp:term":[{"taxonomy":"product_brand","embeddable":true,"href":"https:\/\/www.allforhorses.ee\/ru\/wp-json\/wp\/v2\/product_brand?post=15849"},{"taxonomy":"product_cat","embeddable":true,"href":"https:\/\/www.allforhorses.ee\/ru\/wp-json\/wp\/v2\/product_cat?post=15849"},{"taxonomy":"product_tag","embeddable":true,"href":"https:\/\/www.allforhorses.ee\/ru\/wp-json\/wp\/v2\/product_tag?post=15849"}],"curies":[{"name":"wp","href":"https:\/\/api.w.org\/{rel}","templated":true}]}}