{"id":15546,"date":"2021-06-28T10:19:56","date_gmt":"2021-06-28T10:19:56","guid":{"rendered":"https:\/\/www.allforhorses.ee\/?post_type=product&#038;p=15546"},"modified":"2024-06-11T09:48:53","modified_gmt":"2024-06-11T09:48:53","slug":"ninaosaga-putukamask","status":"publish","type":"product","link":"https:\/\/www.allforhorses.ee\/ru\/toode\/ninaosaga-putukamask\/","title":{"rendered":"Ninaosaga Putukamask"},"content":{"rendered":"","protected":false},"excerpt":{"rendered":"<p><strong>Ninaosaga Putukamask\u00a0<\/strong>kaitseb hobuse n\u00e4gu k\u00e4rbeste ja teiste putukate eest. K\u00e4rbsemask kaitseb ka k\u00f5rvu ja\u00a0ninas\u00f5\u00f5rmeid. Takjakinnitus asub l\u00f5ua all. Maskil on fliisist \u00e4\u00e4red. Ei vaju hobuse silmade peale. Masinpestav 30 kraadise veeprogrammiga.<\/p>\n<p>Suurus: Full.<\/p>\n","protected":false},"featured_media":15550,"template":"","meta":[],"product_brand":[],"product_cat":[158,204,206],"product_tag":[],"class_list":{"0":"post-15546","1":"product","2":"type-product","3":"status-publish","4":"has-post-thumbnail","6":"product_cat-hobusele","7":"product_cat-putukatorje-vahendid","8":"product_cat-putukamaskid","10":"first","11":"instock","12":"taxable","13":"shipping-taxable","14":"purchasable","15":"product-type-simple"},"_links":{"self":[{"href":"https:\/\/www.allforhorses.ee\/ru\/wp-json\/wp\/v2\/product\/15546","targetHints":{"allow":["GET"]}}],"collection":[{"href":"https:\/\/www.allforhorses.ee\/ru\/wp-json\/wp\/v2\/product"}],"about":[{"href":"https:\/\/www.allforhorses.ee\/ru\/wp-json\/wp\/v2\/types\/product"}],"wp:featuredmedia":[{"embeddable":true,"href":"https:\/\/www.allforhorses.ee\/ru\/wp-json\/wp\/v2\/media\/15550"}],"wp:attachment":[{"href":"https:\/\/www.allforhorses.ee\/ru\/wp-json\/wp\/v2\/media?parent=15546"}],"wp:term":[{"taxonomy":"product_brand","embeddable":true,"href":"https:\/\/www.allforhorses.ee\/ru\/wp-json\/wp\/v2\/product_brand?post=15546"},{"taxonomy":"product_cat","embeddable":true,"href":"https:\/\/www.allforhorses.ee\/ru\/wp-json\/wp\/v2\/product_cat?post=15546"},{"taxonomy":"product_tag","embeddable":true,"href":"https:\/\/www.allforhorses.ee\/ru\/wp-json\/wp\/v2\/product_tag?post=15546"}],"curies":[{"name":"wp","href":"https:\/\/api.w.org\/{rel}","templated":true}]}}