{"id":15360,"date":"2021-05-14T06:45:19","date_gmt":"2021-05-14T06:45:19","guid":{"rendered":"https:\/\/www.allforhorses.ee\/?post_type=product&#038;p=15360"},"modified":"2024-07-24T11:41:18","modified_gmt":"2024-07-24T11:41:18","slug":"kaelaosaga-putukatekk-125cm","status":"publish","type":"product","link":"https:\/\/www.allforhorses.ee\/ru\/toode\/kaelaosaga-putukatekk-125cm\/","title":{"rendered":"Kaelaosaga putukatekk 125cm"},"content":{"rendered":"","protected":false},"excerpt":{"rendered":"<p><b>H\u00f5bedane kaelaosaga putukatekk\u00a0<\/b>kaitseb hobuseid s\u00e4\u00e4skede ja k\u00e4rbeste eest. Tekil on metallist kinnitused nii kaela kui ka k\u00f5hu peal. On ka sabaklapp. Putukatekk on masinpestav 30 kraadise pesuprogrammiga, 100% pol\u00fcester.<\/p>\n<p><em>Suurus: 125cm.<\/em><\/p>\n","protected":false},"featured_media":15373,"template":"","meta":[],"product_brand":[],"product_cat":[158,244,248,204,207],"product_tag":[],"class_list":{"0":"post-15360","1":"product","2":"type-product","3":"status-publish","4":"has-post-thumbnail","6":"product_cat-hobusele","7":"product_cat-hobuste-tekid-tarvikud","8":"product_cat-putukatekid-hobuste-tekid-tarvikud","9":"product_cat-putukatorje-vahendid","10":"product_cat-putukatekid","12":"first","13":"instock","14":"taxable","15":"shipping-taxable","16":"purchasable","17":"product-type-simple"},"_links":{"self":[{"href":"https:\/\/www.allforhorses.ee\/ru\/wp-json\/wp\/v2\/product\/15360","targetHints":{"allow":["GET"]}}],"collection":[{"href":"https:\/\/www.allforhorses.ee\/ru\/wp-json\/wp\/v2\/product"}],"about":[{"href":"https:\/\/www.allforhorses.ee\/ru\/wp-json\/wp\/v2\/types\/product"}],"wp:featuredmedia":[{"embeddable":true,"href":"https:\/\/www.allforhorses.ee\/ru\/wp-json\/wp\/v2\/media\/15373"}],"wp:attachment":[{"href":"https:\/\/www.allforhorses.ee\/ru\/wp-json\/wp\/v2\/media?parent=15360"}],"wp:term":[{"taxonomy":"product_brand","embeddable":true,"href":"https:\/\/www.allforhorses.ee\/ru\/wp-json\/wp\/v2\/product_brand?post=15360"},{"taxonomy":"product_cat","embeddable":true,"href":"https:\/\/www.allforhorses.ee\/ru\/wp-json\/wp\/v2\/product_cat?post=15360"},{"taxonomy":"product_tag","embeddable":true,"href":"https:\/\/www.allforhorses.ee\/ru\/wp-json\/wp\/v2\/product_tag?post=15360"}],"curies":[{"name":"wp","href":"https:\/\/api.w.org\/{rel}","templated":true}]}}