{"id":14758,"date":"2021-03-23T13:59:55","date_gmt":"2021-03-23T13:59:55","guid":{"rendered":"https:\/\/www.allforhorses.ee\/?post_type=product&#038;p=14758"},"modified":"2024-03-31T18:14:03","modified_gmt":"2024-03-31T18:14:03","slug":"heinavork-profi","status":"publish","type":"product","link":"https:\/\/www.allforhorses.ee\/ru\/toode\/heinavork-profi\/","title":{"rendered":"Heinav\u00f5rk &#171;Profi&#187;"},"content":{"rendered":"","protected":false},"excerpt":{"rendered":"<p><strong>Heinav\u00f5rk &#171;Profi&#187;\u00a0<\/strong>venitab hobusele heina s\u00f6\u00f6mise aeg pikemaks, s\u00e4\u00e4stab heina.<br \/>\n\u00dcldpikkus(t\u00fchi): ~90 cm.<br \/>\nV\u00f5rgu \u00fche augu l\u00e4bim\u00f5\u00f5t: ~3,5 cm x 3,5 cm.<br \/>\nKaal: kuni 8,5kg heina.<\/p>\n<p>&nbsp;<\/p>\n<p>&nbsp;<\/p>\n","protected":false},"featured_media":19795,"template":"","meta":[],"product_brand":[],"product_cat":[145,152],"product_tag":[],"class_list":{"0":"post-14758","1":"product","2":"type-product","3":"status-publish","4":"has-post-thumbnail","6":"product_cat-talli","7":"product_cat-heinavorgud","9":"first","10":"instock","11":"taxable","12":"shipping-taxable","13":"purchasable","14":"product-type-variable"},"_links":{"self":[{"href":"https:\/\/www.allforhorses.ee\/ru\/wp-json\/wp\/v2\/product\/14758","targetHints":{"allow":["GET"]}}],"collection":[{"href":"https:\/\/www.allforhorses.ee\/ru\/wp-json\/wp\/v2\/product"}],"about":[{"href":"https:\/\/www.allforhorses.ee\/ru\/wp-json\/wp\/v2\/types\/product"}],"wp:featuredmedia":[{"embeddable":true,"href":"https:\/\/www.allforhorses.ee\/ru\/wp-json\/wp\/v2\/media\/19795"}],"wp:attachment":[{"href":"https:\/\/www.allforhorses.ee\/ru\/wp-json\/wp\/v2\/media?parent=14758"}],"wp:term":[{"taxonomy":"product_brand","embeddable":true,"href":"https:\/\/www.allforhorses.ee\/ru\/wp-json\/wp\/v2\/product_brand?post=14758"},{"taxonomy":"product_cat","embeddable":true,"href":"https:\/\/www.allforhorses.ee\/ru\/wp-json\/wp\/v2\/product_cat?post=14758"},{"taxonomy":"product_tag","embeddable":true,"href":"https:\/\/www.allforhorses.ee\/ru\/wp-json\/wp\/v2\/product_tag?post=14758"}],"curies":[{"name":"wp","href":"https:\/\/api.w.org\/{rel}","templated":true}]}}