{"id":14552,"date":"2021-03-04T11:28:34","date_gmt":"2021-03-04T11:28:34","guid":{"rendered":"https:\/\/www.allforhorses.ee\/?post_type=product&#038;p=14552"},"modified":"2021-12-28T08:40:01","modified_gmt":"2021-12-28T08:40:01","slug":"ratsavest-anissa","status":"publish","type":"product","link":"https:\/\/www.allforhorses.ee\/ru\/toode\/ratsavest-anissa\/","title":{"rendered":"Ratsavest &#171;Anissa&#187;"},"content":{"rendered":"","protected":false},"excerpt":{"rendered":"<p><strong>Ratsavest &#171;Anissa&#187; <\/strong>on moodne ja soe. Esik\u00fcljel on 2 lukuga taskut. Ratsavestil on kaksipidi k\u00e4iv t\u00f5mbluk. K\u00fcljedel l\u00f5hikud k\u00e4ivad lukkudega avaramaks, et saaks ka sadulas mugavalt istuda. Masinpestav 30 kraadi juures. V\u00e4lismaterjal: 100% pol\u00fceester, sisematerjal: 100% pol\u00fceester.<\/p>\n<p><em>Ratsavestid &#171;Anissa&#187; on ainult ettetellimisel(tarne 10-14 t\u00f6\u00f6p\u00e4eva).<\/em><\/p>\n","protected":false},"featured_media":14577,"template":"","meta":[],"product_brand":[],"product_cat":[109,122,124],"product_tag":[],"class_list":{"0":"post-14552","1":"product","2":"type-product","3":"status-publish","4":"has-post-thumbnail","6":"product_cat-ratsariided","7":"product_cat-ratsajoped-ja-vestid","8":"product_cat-ratsavestid","10":"first","11":"instock","12":"taxable","13":"shipping-taxable","14":"purchasable","15":"product-type-variable"},"_links":{"self":[{"href":"https:\/\/www.allforhorses.ee\/ru\/wp-json\/wp\/v2\/product\/14552","targetHints":{"allow":["GET"]}}],"collection":[{"href":"https:\/\/www.allforhorses.ee\/ru\/wp-json\/wp\/v2\/product"}],"about":[{"href":"https:\/\/www.allforhorses.ee\/ru\/wp-json\/wp\/v2\/types\/product"}],"wp:featuredmedia":[{"embeddable":true,"href":"https:\/\/www.allforhorses.ee\/ru\/wp-json\/wp\/v2\/media\/14577"}],"wp:attachment":[{"href":"https:\/\/www.allforhorses.ee\/ru\/wp-json\/wp\/v2\/media?parent=14552"}],"wp:term":[{"taxonomy":"product_brand","embeddable":true,"href":"https:\/\/www.allforhorses.ee\/ru\/wp-json\/wp\/v2\/product_brand?post=14552"},{"taxonomy":"product_cat","embeddable":true,"href":"https:\/\/www.allforhorses.ee\/ru\/wp-json\/wp\/v2\/product_cat?post=14552"},{"taxonomy":"product_tag","embeddable":true,"href":"https:\/\/www.allforhorses.ee\/ru\/wp-json\/wp\/v2\/product_tag?post=14552"}],"curies":[{"name":"wp","href":"https:\/\/api.w.org\/{rel}","templated":true}]}}