{"id":14491,"date":"2021-02-17T12:06:55","date_gmt":"2021-02-17T12:06:55","guid":{"rendered":"https:\/\/www.allforhorses.ee\/?post_type=product&#038;p=14491"},"modified":"2024-03-03T20:44:50","modified_gmt":"2024-03-03T20:44:50","slug":"hkm-juhtmevaba-pugamismasin-profi","status":"publish","type":"product","link":"https:\/\/www.allforhorses.ee\/ru\/toode\/hkm-juhtmevaba-pugamismasin-profi\/","title":{"rendered":"HKM Juhtmevaba P\u00fcgamismasin &#171;Profi&#187;"},"content":{"rendered":"","protected":false},"excerpt":{"rendered":"<p><b>HKM Juhtmevaba P\u00fcgamismasin &#171;Profi&#187;<\/b>\u00a0akuga &#8212; Juhtmevaba p\u00fcgamismasin sobib k\u00f5ikide karvat\u00fc\u00fcpide p\u00fcgamiseks. \u00a0Masinal on madal vibratsioonitase.<br \/>\nAku v\u00f5imaldab hobust p\u00fcgada keskmiselt 60-90 min, laadimine v\u00f5tab aega 2-3 t.<br \/>\n<a href=\"https:\/\/www.allforhorses.ee\/toode\/hkm-tera-profi\/\">Terasid<\/a>(31\/15) ja akut saab eraldi tellida.<br \/>\nTerasid on lihtne vahetada ja puhastada.<br \/>\nKomplektis terad: 3, 6, 9 ja 12 mm.<br \/>\nV\u00f5imsus:\u00a0<span class=\"base\" data-ui-id=\"page-title-wrapper\">12 watt<br \/>\nKaal: 0,3 kg.<\/span><\/p>\n<p>Teine aku tuleb kingituseks.<\/p>\n<p>https:\/\/www.youtube.com\/watch?v=0Frn2-3bYlM<\/p>\n<p><em>Tarne 14 t\u00f6\u00f6p\u00e4eva.<\/em><\/p>\n","protected":false},"featured_media":36826,"template":"","meta":[],"product_brand":[],"product_cat":[145,158,159],"product_tag":[],"class_list":{"0":"post-14491","1":"product","2":"type-product","3":"status-publish","4":"has-post-thumbnail","6":"product_cat-talli","7":"product_cat-hobusele","8":"product_cat-hobuste-hooldusvahendid","10":"first","11":"instock","12":"taxable","13":"shipping-taxable","14":"purchasable","15":"product-type-simple"},"_links":{"self":[{"href":"https:\/\/www.allforhorses.ee\/ru\/wp-json\/wp\/v2\/product\/14491","targetHints":{"allow":["GET"]}}],"collection":[{"href":"https:\/\/www.allforhorses.ee\/ru\/wp-json\/wp\/v2\/product"}],"about":[{"href":"https:\/\/www.allforhorses.ee\/ru\/wp-json\/wp\/v2\/types\/product"}],"wp:featuredmedia":[{"embeddable":true,"href":"https:\/\/www.allforhorses.ee\/ru\/wp-json\/wp\/v2\/media\/36826"}],"wp:attachment":[{"href":"https:\/\/www.allforhorses.ee\/ru\/wp-json\/wp\/v2\/media?parent=14491"}],"wp:term":[{"taxonomy":"product_brand","embeddable":true,"href":"https:\/\/www.allforhorses.ee\/ru\/wp-json\/wp\/v2\/product_brand?post=14491"},{"taxonomy":"product_cat","embeddable":true,"href":"https:\/\/www.allforhorses.ee\/ru\/wp-json\/wp\/v2\/product_cat?post=14491"},{"taxonomy":"product_tag","embeddable":true,"href":"https:\/\/www.allforhorses.ee\/ru\/wp-json\/wp\/v2\/product_tag?post=14491"}],"curies":[{"name":"wp","href":"https:\/\/api.w.org\/{rel}","templated":true}]}}