{"id":11966,"date":"2020-04-17T07:06:56","date_gmt":"2020-04-17T07:06:56","guid":{"rendered":"https:\/\/www.allforhorses.ee\/?post_type=product&#038;p=11966"},"modified":"2023-08-24T17:45:39","modified_gmt":"2023-08-24T17:45:39","slug":"nahast-ratsasaapad-kordoba","status":"publish","type":"product","link":"https:\/\/www.allforhorses.ee\/ru\/toode\/nahast-ratsasaapad-kordoba\/","title":{"rendered":"Nahast Ratsasaapad &#171;Kordoba&#187;"},"content":{"rendered":"","protected":false},"excerpt":{"rendered":"<p><strong>Pfiff Nahast Ratsasaapad &#171;Kordoba&#187; <\/strong>on anatoomilise kujuga, pehme vooderdus, t\u00f5mblukk tagumisel poolel. Saapad hoiavad tihedalt \u00fcmber s\u00e4\u00e4re.<br \/>\nS\u00e4\u00e4r: NS(norm), S(sihvakas).<br \/>\nV\u00e4rv: Must.<\/p>\n<p>Ratsasaapad &#171;Kordoba&#187; on ainult ettetellimisel(tarne 10-14 t\u00f6\u00f6p\u00e4eva).<\/p>\n","protected":false},"featured_media":11985,"template":"","meta":[],"product_brand":[],"product_cat":[109,110,112],"product_tag":[],"class_list":{"0":"post-11966","1":"product","2":"type-product","3":"status-publish","4":"has-post-thumbnail","6":"product_cat-ratsariided","7":"product_cat-ratsasaapad","8":"product_cat-pikad-ratsasaapad","10":"first","11":"instock","12":"taxable","13":"shipping-taxable","14":"purchasable","15":"product-type-variable"},"_links":{"self":[{"href":"https:\/\/www.allforhorses.ee\/ru\/wp-json\/wp\/v2\/product\/11966","targetHints":{"allow":["GET"]}}],"collection":[{"href":"https:\/\/www.allforhorses.ee\/ru\/wp-json\/wp\/v2\/product"}],"about":[{"href":"https:\/\/www.allforhorses.ee\/ru\/wp-json\/wp\/v2\/types\/product"}],"wp:featuredmedia":[{"embeddable":true,"href":"https:\/\/www.allforhorses.ee\/ru\/wp-json\/wp\/v2\/media\/11985"}],"wp:attachment":[{"href":"https:\/\/www.allforhorses.ee\/ru\/wp-json\/wp\/v2\/media?parent=11966"}],"wp:term":[{"taxonomy":"product_brand","embeddable":true,"href":"https:\/\/www.allforhorses.ee\/ru\/wp-json\/wp\/v2\/product_brand?post=11966"},{"taxonomy":"product_cat","embeddable":true,"href":"https:\/\/www.allforhorses.ee\/ru\/wp-json\/wp\/v2\/product_cat?post=11966"},{"taxonomy":"product_tag","embeddable":true,"href":"https:\/\/www.allforhorses.ee\/ru\/wp-json\/wp\/v2\/product_tag?post=11966"}],"curies":[{"name":"wp","href":"https:\/\/api.w.org\/{rel}","templated":true}]}}