{"id":11628,"date":"2020-04-02T15:03:49","date_gmt":"2020-04-02T15:03:49","guid":{"rendered":"https:\/\/www.allforhorses.ee\/?post_type=product&#038;p=11628"},"modified":"2025-04-26T05:38:18","modified_gmt":"2025-04-26T05:38:18","slug":"sonnikukuhvel-ja-reha","status":"publish","type":"product","link":"https:\/\/www.allforhorses.ee\/ru\/toode\/sonnikukuhvel-ja-reha\/","title":{"rendered":"S\u00f5nnikuk\u00fchvel ja Reha"},"content":{"rendered":"","protected":false},"excerpt":{"rendered":"<p><strong>S\u00f5nnikuk\u00fchvel ja Reha <\/strong>\u00a0sobib s\u00f5nniku korjamiseks talli\u00fcmbruses v\u00f5i manee\u017eis.<br \/>\nV\u00e4rv: must.<\/p>\n","protected":false},"featured_media":24336,"template":"","meta":[],"product_brand":[],"product_cat":[145,154,155],"product_tag":[],"class_list":{"0":"post-11628","1":"product","2":"type-product","3":"status-publish","4":"has-post-thumbnail","6":"product_cat-talli","7":"product_cat-sonnikuhargid-ja-labidad","8":"product_cat-sonnikuhargid","10":"first","11":"outofstock","12":"taxable","13":"shipping-taxable","14":"purchasable","15":"product-type-simple"},"_links":{"self":[{"href":"https:\/\/www.allforhorses.ee\/ru\/wp-json\/wp\/v2\/product\/11628","targetHints":{"allow":["GET"]}}],"collection":[{"href":"https:\/\/www.allforhorses.ee\/ru\/wp-json\/wp\/v2\/product"}],"about":[{"href":"https:\/\/www.allforhorses.ee\/ru\/wp-json\/wp\/v2\/types\/product"}],"wp:featuredmedia":[{"embeddable":true,"href":"https:\/\/www.allforhorses.ee\/ru\/wp-json\/wp\/v2\/media\/24336"}],"wp:attachment":[{"href":"https:\/\/www.allforhorses.ee\/ru\/wp-json\/wp\/v2\/media?parent=11628"}],"wp:term":[{"taxonomy":"product_brand","embeddable":true,"href":"https:\/\/www.allforhorses.ee\/ru\/wp-json\/wp\/v2\/product_brand?post=11628"},{"taxonomy":"product_cat","embeddable":true,"href":"https:\/\/www.allforhorses.ee\/ru\/wp-json\/wp\/v2\/product_cat?post=11628"},{"taxonomy":"product_tag","embeddable":true,"href":"https:\/\/www.allforhorses.ee\/ru\/wp-json\/wp\/v2\/product_tag?post=11628"}],"curies":[{"name":"wp","href":"https:\/\/api.w.org\/{rel}","templated":true}]}}