{"id":10997,"date":"2020-01-24T10:58:28","date_gmt":"2020-01-24T10:58:28","guid":{"rendered":"https:\/\/www.allforhorses.ee\/?post_type=product&#038;p=10997"},"modified":"2021-04-27T13:48:42","modified_gmt":"2021-04-27T13:48:42","slug":"ranger-b-elektrikarjuse-aku","status":"publish","type":"product","link":"https:\/\/www.allforhorses.ee\/ru\/toode\/ranger-b-elektrikarjuse-aku\/","title":{"rendered":"Ranger B Elektrikarjuse Aku\u00a0"},"content":{"rendered":"","protected":false},"excerpt":{"rendered":"<p><strong>Ranger B <\/strong><strong>Elektrikarjuse Aku<br \/>\n<\/strong>Aku elektrikarjuse generaatorile, pinge 9\/12V. H\u00e4sti sobib mitte tundlikele loomadele. Keskmise pikkusega karjuselindile, madalatele taimedele.<\/p>\n<p>Ranger B Battery Fencer on ainult ettetellimisel(tarne 10-14 t\u00f6\u00f6p\u00e4eva).<\/p>\n","protected":false},"featured_media":10998,"template":"","meta":[],"product_brand":[],"product_cat":[145,153],"product_tag":[],"class_list":{"0":"post-10997","1":"product","2":"type-product","3":"status-publish","4":"has-post-thumbnail","6":"product_cat-talli","7":"product_cat-elektrikarjuse-lindid-ja-tarvikud","9":"first","10":"outofstock","11":"taxable","12":"shipping-taxable","13":"purchasable","14":"product-type-simple"},"_links":{"self":[{"href":"https:\/\/www.allforhorses.ee\/ru\/wp-json\/wp\/v2\/product\/10997","targetHints":{"allow":["GET"]}}],"collection":[{"href":"https:\/\/www.allforhorses.ee\/ru\/wp-json\/wp\/v2\/product"}],"about":[{"href":"https:\/\/www.allforhorses.ee\/ru\/wp-json\/wp\/v2\/types\/product"}],"wp:featuredmedia":[{"embeddable":true,"href":"https:\/\/www.allforhorses.ee\/ru\/wp-json\/wp\/v2\/media\/10998"}],"wp:attachment":[{"href":"https:\/\/www.allforhorses.ee\/ru\/wp-json\/wp\/v2\/media?parent=10997"}],"wp:term":[{"taxonomy":"product_brand","embeddable":true,"href":"https:\/\/www.allforhorses.ee\/ru\/wp-json\/wp\/v2\/product_brand?post=10997"},{"taxonomy":"product_cat","embeddable":true,"href":"https:\/\/www.allforhorses.ee\/ru\/wp-json\/wp\/v2\/product_cat?post=10997"},{"taxonomy":"product_tag","embeddable":true,"href":"https:\/\/www.allforhorses.ee\/ru\/wp-json\/wp\/v2\/product_tag?post=10997"}],"curies":[{"name":"wp","href":"https:\/\/api.w.org\/{rel}","templated":true}]}}