{"id":10842,"date":"2020-01-08T15:59:54","date_gmt":"2020-01-08T15:59:54","guid":{"rendered":"https:\/\/www.allforhorses.ee\/?post_type=product&#038;p=10842"},"modified":"2024-09-08T11:24:43","modified_gmt":"2024-09-08T11:24:43","slug":"cavalor-hobuse-taiendsoot-nutri-support5kg","status":"publish","type":"product","link":"https:\/\/www.allforhorses.ee\/ru\/toode\/cavalor-hobuse-taiendsoot-nutri-support5kg\/","title":{"rendered":"Cavalor Hobuse T\u00e4iends\u00f6\u00f6t Nutri Support(5kg)"},"content":{"rendered":"<div class=\"wpb-content-wrapper\"><p>[vc_row][vc_column][vc_column_text]<strong>Koostis:<\/strong> kaltsiumkarbonaat, mais, monokaltsiumfosfaat, oder, naatriumkloriid, nisukliid, magneesiumoksiid, taimne soja\u00f5li, nisu.<br \/>\n<strong>Anal\u00fc\u00fctiline koostis:<\/strong> Toorvalk &#8212; 3,19% Toorrasv &#8212; 3,09% Toortuhk &#8212; 71,51% Toorkiud &#8212; 1,9% Suhkrud &#8212; 1,4% Kaltsium &#8212; 16,0% Naatrium &#8212; 5,0% Fosfor &#8212; 5,0% Magneesium &#8212; 1.8% Vitamiin A &#8212; 200000 IE\/kg Vitamiin D3 &#8212; 20000 IE\/kg Vitamiin B3 &#8212; 254 mg\/kg Niatsiin &#8212; 427 mg\/kg Koliin &#8212; 287 mg\/kg Vitamiin C &#8212; 500 mg\/kg Vitamiin E &#8212; 2500 mg\/kg Vitamiin B2 &#8212; 192 mg\/kg Vitamiin B1 &#8212; 50 mg\/kg Vitamiin B6 &#8212; 40 mg\/kg Vitamiin B12 &#8212; 0,5 mg\/kg Vitamiin K3 &#8212; 36 mg\/kg Biotiin &#8212; 5 mg\/kg Foolhape &#8212; 10 mg\/kg Mangaan &#8212; 1750 mg\/kg Tsink &#8212; 200 mg\/kg Vask &#8212; 500 mg\/kg Seleen &#8212; 10 mg\/kg Jood &#8212; 25 mg\/kg Koobalt &#8212; 2,5 mg\/kg.[\/vc_column_text][\/vc_column][\/vc_row]<\/p>\n<\/div>","protected":false},"excerpt":{"rendered":"<p><strong>Cavalor Hobuse T\u00e4iends\u00f6\u00f6t Nutri Support(5kg) <\/strong>&#8212; vitamiinide ja mineraalide segu hobustele, kes on puhkusel v\u00f5i kergemas t\u00f6\u00f6s. Cavalor\u00ae Support sisaldab vitamiine: A, D3, E ja koliini. Mikroelemente: vaske, rauda, joodi, koobaltit, mangaani, tsinki, seleeni. Cavalor\u00ae Support on spetsiaalselt koostatud selleks, et vastata hobuste vajadustele, kellele on tarvis p\u00f5hjapanevaid s\u00f6\u00f6dakomponente v\u00e4iksemas koguses vitamiinide ja mineraalide n\u00e4ol. Hobustele, kes puhkavad v\u00f5i on kergemas t\u00f6\u00f6s, on Cavalor\u00ae Support parim vitamiinide ja mineraalide kompleks, et hoida hobuste konditsiooni v\u00f5imalikult madalate kuludega.<br \/>\n<strong>Manustamine:<\/strong> Lisa Cavalor\u00ae Supporti igap\u00e4evasele s\u00f6\u00f6daratsioonile. Varssadele ja ponidele: 50-100g p\u00e4evas. T\u00e4iskasvanud hobustel (puhkusel\/kerges t\u00f6\u00f6s olles) 100g p\u00e4evas. Cavalor\u00ae Support, et tagada optimaalne vitamiinide ja mineraalide kogus sinu hobusel, kes puhkab v\u00f5i on kergemas t\u00f6\u00f6s<\/p>\n","protected":false},"featured_media":10848,"template":"","meta":[],"product_brand":[],"product_cat":[158,672,250,251,259],"product_tag":[],"class_list":{"0":"post-10842","1":"product","2":"type-product","3":"status-publish","4":"has-post-thumbnail","6":"product_cat-hobusele","7":"product_cat-hobusoodad-hobusele","8":"product_cat-maiustused","9":"product_cat-soodalisandid","10":"product_cat-hobuste-tervisehoid","12":"first","13":"outofstock","14":"taxable","15":"shipping-taxable","16":"purchasable","17":"product-type-simple"},"_links":{"self":[{"href":"https:\/\/www.allforhorses.ee\/ru\/wp-json\/wp\/v2\/product\/10842","targetHints":{"allow":["GET"]}}],"collection":[{"href":"https:\/\/www.allforhorses.ee\/ru\/wp-json\/wp\/v2\/product"}],"about":[{"href":"https:\/\/www.allforhorses.ee\/ru\/wp-json\/wp\/v2\/types\/product"}],"wp:featuredmedia":[{"embeddable":true,"href":"https:\/\/www.allforhorses.ee\/ru\/wp-json\/wp\/v2\/media\/10848"}],"wp:attachment":[{"href":"https:\/\/www.allforhorses.ee\/ru\/wp-json\/wp\/v2\/media?parent=10842"}],"wp:term":[{"taxonomy":"product_brand","embeddable":true,"href":"https:\/\/www.allforhorses.ee\/ru\/wp-json\/wp\/v2\/product_brand?post=10842"},{"taxonomy":"product_cat","embeddable":true,"href":"https:\/\/www.allforhorses.ee\/ru\/wp-json\/wp\/v2\/product_cat?post=10842"},{"taxonomy":"product_tag","embeddable":true,"href":"https:\/\/www.allforhorses.ee\/ru\/wp-json\/wp\/v2\/product_tag?post=10842"}],"curies":[{"name":"wp","href":"https:\/\/api.w.org\/{rel}","templated":true}]}}