{"id":10837,"date":"2020-01-08T15:52:12","date_gmt":"2020-01-08T15:52:12","guid":{"rendered":"https:\/\/www.allforhorses.ee\/?post_type=product&#038;p=10837"},"modified":"2022-11-20T17:55:03","modified_gmt":"2022-11-20T17:55:03","slug":"cavalor-hobuse-taiendsoot-arti-matrix","status":"publish","type":"product","link":"https:\/\/www.allforhorses.ee\/ru\/toode\/cavalor-hobuse-taiendsoot-arti-matrix\/","title":{"rendered":"Cavalor Hobuse T\u00e4iends\u00f6\u00f6t Arti Matrix"},"content":{"rendered":"<div class=\"wpb-content-wrapper\"><p>[vc_row][vc_column][vc_column_text]Cavalor\u00ae Arti Matrix sisaldab gl\u00fckosamiini, kondroitiinsulfaati, h\u00fcaluroonhapet ja kollageen kahte. Lisaks sialdab ta mineraale, vitamiine ja aminohappeid, mis m\u00e4ngivad \u00e4\u00e4rmiselt olulist rolli luude, k\u00f5hrede, liigeste, liigesevedeliku, jt \u00fclesseehitamisel. T\u00e4nu koostises olevatele omega rasvhapetele, mis stimuleerivad ja aitavad kaasa eluliselt olulistele f\u00fcsioloogilistele protsessidele. Ternespiimas sisalduvad v\u00e4ikeseid peptiide aitavad kaasa immuuns\u00fcsteemi tugevndamisele ja kasvule. \u00dcrtide olemasolu koos teiste elementidega t\u00e4iendab toitainete vajaduse t\u00e4ielikult. Cavalor\u00ae Arti Matrix t\u00e4idab hobuse suurenenud toitainete vajaduse kiiresti ja t\u00f5husalt ning andes sellega s\u00e4\u00e4stva toime. Soovitame konsulteerida enne toote manustamist spetsilistiga, kuid perioodiliselt v\u00f5ib manustada Cavalor\u00ae Arti Matrixit ka pikema perioodi v\u00e4ltel. Paljud liigestele m\u00f5eldud tooted sisaldavad mittesteroidseid ja p\u00f5letikuvastaseid (NSAID) \u00fchendeid, seda selleks et blokeerida valu, kuid selliste \u00fchendite kasutamine v\u00f5ib p\u00f5hjustada veelgi rohkem kahju. Cavalor\u00ae Arti Matrix selliseid \u00fchendeid ei sisalda ning v\u00f5ib seet\u00f5ttu v\u00f5ib esineda esimestel p\u00e4evadel seisundi halvenemist, kuid see on k\u00f5ik f\u00fcsioloogiline muutus selleks, et tagada kiire taastumine p\u00e4rast esimest 14 ravikuuri p\u00e4eva.<br \/>\n<strong>Koostis:<\/strong> Koostis: gl\u00fckosamiin, kondroitiin, h\u00fcdrol\u00fc\u00fcsitud kollageen t\u00fc\u00fcp II, MSM, dekstroos, nisu proteiin, punavetikad, kondroitiinsulfaat, ananass, harilik kollajuur Anal\u00fc\u00fctiline koostis: Toorvalk &#8212; 31.5% Toorrasv &#8212; 3.5% Tuhk &#8212; 19% Toorkiud &#8212; 3.5% Kaltsium &#8212; 2.7% Fosfor &#8212; 0.6% Vitamiin C &#8212; 20 000 mg\/kg Vitamiin B6 &#8212; 400 mg\/kg Vitamiin B12 &#8212; 4 mg\/kg Foolhape &#8212; 450 mg\/kg Vitamiin E -4 000 mg\/kg Tsink &#8212; 5 500 mg\/kg Mangaani &#8212; 5 500 mg\/kg Vask &#8212; 1 209 mg\/kg[\/vc_column_text][\/vc_column][\/vc_row]<\/p>\n<\/div>","protected":false},"excerpt":{"rendered":"<p><strong>Cavalor Hobuse T\u00e4iends\u00f6\u00f6t Arti Matrix <\/strong>pakub unikaalset ja universaalset lahendust probleemidele, mis on seotud luustiku, liigesekapslite, k\u00f5\u00f5luste, k\u00f5hrede ja liigesevedelike vaeguste korral. Cavalor\u00ae Arti Matrix on t\u00e4iends\u00f6\u00f6t t\u00e4itmaks t\u00e4ienenud toitainete vajadust tugi- ja liikumiss\u00fcsteemi toetuseks sporthobustel. Kondroitiin, gl\u00fckoosamiin ja MSM lisandid ei ole piisavad, et lahendada raskemat sorti liigeste probleeme. Cavalor\u00ae Arti Matrix vastab suurenenud vajadusele toitainete osas, aitab hobusel kergemini liigestega toime tulla suurenenud j\u00f5upingutuse ajal ning parandades ka liigeste elastsust. Cavalor\u00ae Arti Matrix on laialdaselt kasutusel olev toidulisand tipptasemel ratsaspordis. Uuringud on n\u00e4idanud h\u00e4id tulemusi, kus Cavalor\u00ae Arti Matrix aitab liigeseprobleemide leevendamisel ja parandamisel ning kabjakasvu algt\u00fcve parema kvaliteedi soodustamisel. Cavalor\u00ae Arti Matrixit soovitatakse kasutada t\u00e4ienenud toitainete vajaduse korral liikumiss\u00fcsteemi toetamiseks kui on toitainete puuduj\u00e4\u00e4ke, mis on p\u00f5hjustatud \u00e4genenud v\u00f5i akuutsete liigeseprobleemide poolt. Cavalor\u00ae Arti Matrix t\u00f6\u00f6tab mitmel tasandil: 1. Annab vajaminevaid toitaineid liigestele ja liigesevedelikule. 2. Koostisained sisaldavad optimaalses koguses toitaineid, et need saaksid effektiivselt j\u00f5uda vajamineva kohani. 3. Stimuleerib organismi immuuns\u00fcsteemi, et v\u00f5idelda auto-immuunsete reaktsioonidega. Cavalor\u00ae Arti Matrixit soovitatakse veel kasutada: \u2022 hobustel, kellel on tundlikud liigesed \u2022 hobustel, kellel on suured koormused \u2022 hobustel, kellel on toitainete puuduj\u00e4\u00e4k v\u00f5i eriline seedeprotsess, mille t\u00f5ttu vajalikud toitained ei omastu ning ei j\u00f5ua liigesteni. Selle toote tulemusena hobuse keha saab laias valikus kasulikke toitaineid, mille tulemusena hobuse liikumismotoorika paraneb m\u00e4rgatavalt ning taastub kiiremini tema normaalsesse olekusse. Cavalor\u00ae Arti Matrix lisab t\u00e4iendv\u00e4\u00e4rtust igap\u00e4evasele s\u00f6\u00f6dale erakordselt laia valiku albumiinidega, mis tagab erakordselt kasuliku toitainete imendumise.<br \/>\n<strong>Manustamine:<\/strong> Ponid &#8212; 15 grammis p\u00e4evas. Hobused &#8212; 30 grammi p\u00e4evas. V\u00f5istlushobused &#8212; 45 grammi p\u00e4evas. Optimaalse tulemuse saavutamiseks kasuta esimesel n\u00e4dalal topeltkogust. P\u00e4rast esialgset manustamist kasuta toodete kuni t\u00e4ieliku liigeseprobleemi kadumiseni, kuid mitte v\u00e4hem kui 8 n\u00e4dalat. Hilisema vajaduse korral korda tavalist annust 30&#8217;ne p\u00e4eva v\u00e4ltel iga 6 kuu m\u00f6\u00f6dudes. Maksimaalne kogus hobuse kohta 90g p\u00e4evas. Peale Cavalor\u00ae Arti Matrixit kasuta Cavalor\u00ae Arti Base&#8217;i kui s\u00fcmptomid ja p\u00f5letik on liigestest kadunud.<br \/>\n<strong>Aegumine:\u00a0<\/strong>31.05.2025.<\/p>\n","protected":false},"featured_media":10838,"template":"","meta":[],"product_brand":[],"product_cat":[158,250,251,259],"product_tag":[],"class_list":{"0":"post-10837","1":"product","2":"type-product","3":"status-publish","4":"has-post-thumbnail","6":"product_cat-hobusele","7":"product_cat-maiustused","8":"product_cat-soodalisandid","9":"product_cat-hobuste-tervisehoid","11":"first","12":"instock","13":"taxable","14":"shipping-taxable","15":"purchasable","16":"product-type-variable"},"_links":{"self":[{"href":"https:\/\/www.allforhorses.ee\/ru\/wp-json\/wp\/v2\/product\/10837","targetHints":{"allow":["GET"]}}],"collection":[{"href":"https:\/\/www.allforhorses.ee\/ru\/wp-json\/wp\/v2\/product"}],"about":[{"href":"https:\/\/www.allforhorses.ee\/ru\/wp-json\/wp\/v2\/types\/product"}],"wp:featuredmedia":[{"embeddable":true,"href":"https:\/\/www.allforhorses.ee\/ru\/wp-json\/wp\/v2\/media\/10838"}],"wp:attachment":[{"href":"https:\/\/www.allforhorses.ee\/ru\/wp-json\/wp\/v2\/media?parent=10837"}],"wp:term":[{"taxonomy":"product_brand","embeddable":true,"href":"https:\/\/www.allforhorses.ee\/ru\/wp-json\/wp\/v2\/product_brand?post=10837"},{"taxonomy":"product_cat","embeddable":true,"href":"https:\/\/www.allforhorses.ee\/ru\/wp-json\/wp\/v2\/product_cat?post=10837"},{"taxonomy":"product_tag","embeddable":true,"href":"https:\/\/www.allforhorses.ee\/ru\/wp-json\/wp\/v2\/product_tag?post=10837"}],"curies":[{"name":"wp","href":"https:\/\/api.w.org\/{rel}","templated":true}]}}