{"id":10471,"date":"2019-11-24T14:10:01","date_gmt":"2019-11-24T14:10:01","guid":{"rendered":"https:\/\/www.allforhorses.ee\/?post_type=product&#038;p=10471"},"modified":"2021-05-09T19:41:14","modified_gmt":"2021-05-09T19:41:14","slug":"raamiga-heinavork","status":"publish","type":"product","link":"https:\/\/www.allforhorses.ee\/ru\/toode\/raamiga-heinavork\/","title":{"rendered":"Raamiga Heinav\u00f5rk"},"content":{"rendered":"","protected":false},"excerpt":{"rendered":"<p><strong>Raamiga Heinav\u00f5rk<\/strong>\u00a0on v\u00e4ga mugav heinaga t\u00e4ita(heinav\u00f5rgusuud lahtihoidev raam). Heinav\u00f5rk on venitab hobusele heina s\u00f6\u00f6mise aeg pikemaks. Materjal: 100% pol\u00fceester. V\u00e4rv: sinine, must.<\/p>\n<p>Heinav\u00f5rk on ainult ettetellimisel(10-14 t\u00f6\u00f6p\u00e4eva).<\/p>\n","protected":false},"featured_media":10476,"template":"","meta":[],"product_brand":[],"product_cat":[145,152],"product_tag":[],"class_list":{"0":"post-10471","1":"product","2":"type-product","3":"status-publish","4":"has-post-thumbnail","6":"product_cat-talli","7":"product_cat-heinavorgud","9":"first","10":"outofstock","11":"taxable","12":"shipping-taxable","13":"purchasable","14":"product-type-simple"},"_links":{"self":[{"href":"https:\/\/www.allforhorses.ee\/ru\/wp-json\/wp\/v2\/product\/10471","targetHints":{"allow":["GET"]}}],"collection":[{"href":"https:\/\/www.allforhorses.ee\/ru\/wp-json\/wp\/v2\/product"}],"about":[{"href":"https:\/\/www.allforhorses.ee\/ru\/wp-json\/wp\/v2\/types\/product"}],"wp:featuredmedia":[{"embeddable":true,"href":"https:\/\/www.allforhorses.ee\/ru\/wp-json\/wp\/v2\/media\/10476"}],"wp:attachment":[{"href":"https:\/\/www.allforhorses.ee\/ru\/wp-json\/wp\/v2\/media?parent=10471"}],"wp:term":[{"taxonomy":"product_brand","embeddable":true,"href":"https:\/\/www.allforhorses.ee\/ru\/wp-json\/wp\/v2\/product_brand?post=10471"},{"taxonomy":"product_cat","embeddable":true,"href":"https:\/\/www.allforhorses.ee\/ru\/wp-json\/wp\/v2\/product_cat?post=10471"},{"taxonomy":"product_tag","embeddable":true,"href":"https:\/\/www.allforhorses.ee\/ru\/wp-json\/wp\/v2\/product_tag?post=10471"}],"curies":[{"name":"wp","href":"https:\/\/api.w.org\/{rel}","templated":true}]}}