{"id":10466,"date":"2019-11-24T13:56:44","date_gmt":"2019-11-24T13:56:44","guid":{"rendered":"https:\/\/www.allforhorses.ee\/?post_type=product&#038;p=10466"},"modified":"2023-01-31T14:55:44","modified_gmt":"2023-01-31T14:55:44","slug":"seinale-kinnitatav-heinavork","status":"publish","type":"product","link":"https:\/\/www.allforhorses.ee\/ru\/toode\/seinale-kinnitatav-heinavork\/","title":{"rendered":"Seinale Kinnitatav Heinav\u00f5rk"},"content":{"rendered":"","protected":false},"excerpt":{"rendered":"<p><strong>Seinale Kinnitatav Heinav\u00f5rk<\/strong>\u00a0sobib boksis riputamiseks. Heinav\u00f5rk on pehme, venitab hobusele heina s\u00f6\u00f6mise aeg pikemaks. V\u00f5rgusilm 3 cm. Materjal: 100% pol\u00fceester. V\u00e4rv: valge. Suurus: <strong>90<\/strong> x 60 cm \u00a0ja \u00a0<strong>120<\/strong> x 90 cm.<\/p>\n<p>&nbsp;<\/p>\n","protected":false},"featured_media":10467,"template":"","meta":[],"product_brand":[],"product_cat":[145,152],"product_tag":[],"class_list":{"0":"post-10466","1":"product","2":"type-product","3":"status-publish","4":"has-post-thumbnail","6":"product_cat-talli","7":"product_cat-heinavorgud","9":"first","10":"instock","11":"taxable","12":"shipping-taxable","13":"purchasable","14":"product-type-variable"},"_links":{"self":[{"href":"https:\/\/www.allforhorses.ee\/ru\/wp-json\/wp\/v2\/product\/10466","targetHints":{"allow":["GET"]}}],"collection":[{"href":"https:\/\/www.allforhorses.ee\/ru\/wp-json\/wp\/v2\/product"}],"about":[{"href":"https:\/\/www.allforhorses.ee\/ru\/wp-json\/wp\/v2\/types\/product"}],"wp:featuredmedia":[{"embeddable":true,"href":"https:\/\/www.allforhorses.ee\/ru\/wp-json\/wp\/v2\/media\/10467"}],"wp:attachment":[{"href":"https:\/\/www.allforhorses.ee\/ru\/wp-json\/wp\/v2\/media?parent=10466"}],"wp:term":[{"taxonomy":"product_brand","embeddable":true,"href":"https:\/\/www.allforhorses.ee\/ru\/wp-json\/wp\/v2\/product_brand?post=10466"},{"taxonomy":"product_cat","embeddable":true,"href":"https:\/\/www.allforhorses.ee\/ru\/wp-json\/wp\/v2\/product_cat?post=10466"},{"taxonomy":"product_tag","embeddable":true,"href":"https:\/\/www.allforhorses.ee\/ru\/wp-json\/wp\/v2\/product_tag?post=10466"}],"curies":[{"name":"wp","href":"https:\/\/api.w.org\/{rel}","templated":true}]}}