{"id":10121,"date":"2019-11-11T19:23:41","date_gmt":"2019-11-11T19:23:41","guid":{"rendered":"https:\/\/www.allforhorses.ee\/?post_type=product&#038;p=10121"},"modified":"2023-03-27T19:44:18","modified_gmt":"2023-03-27T19:44:18","slug":"arma-carbon-tagajalakaitsmed-supafleece","status":"publish","type":"product","link":"https:\/\/www.allforhorses.ee\/ru\/toode\/arma-carbon-tagajalakaitsmed-supafleece\/","title":{"rendered":"ARMA Carbon Tagajalakaitsmed &#171;SupaFleece&#187;"},"content":{"rendered":"","protected":false},"excerpt":{"rendered":"<p><b>ARMA Carbon Pehmendustega Tagajalakaitsmed &#171;SupaFleece&#187; <\/b>on ergonoomilise kujuga, hingavad, tugevast materjalist. Kaitsevad hobuse jalgu l\u00f6\u00f6kide eest.\u00a0Tugev TPU v\u00e4lispind, kulumis- ja mustusekindel. Luksuslik SupaFleece vooder, sarnane lambanahaga.<br \/>\nLisatud m\u00f5\u00f5dutabel.<\/p>\n<p>Sobib h\u00e4sti koos <a href=\"https:\/\/www.allforhorses.ee\/toode\/arma-carbon-esijalakaitsmed-supafleece\/\">Arma esijalakaitsmed<\/a>.<\/p>\n<p><em>Jalakaitsmed on ainult ettetellimisel(tarneaeg u 20 t\u00f6\u00f6p\u00e4eva).<\/em><\/p>\n","protected":false},"featured_media":22949,"template":"","meta":[],"product_brand":[],"product_cat":[158,236,238],"product_tag":[],"class_list":{"0":"post-10121","1":"product","2":"type-product","3":"status-publish","4":"has-post-thumbnail","6":"product_cat-hobusele","7":"product_cat-hobuste-jalakaitsmed-ja-kalossid","8":"product_cat-tagajalakaitsmed","10":"first","11":"instock","12":"taxable","13":"shipping-taxable","14":"purchasable","15":"product-type-variable"},"_links":{"self":[{"href":"https:\/\/www.allforhorses.ee\/ru\/wp-json\/wp\/v2\/product\/10121","targetHints":{"allow":["GET"]}}],"collection":[{"href":"https:\/\/www.allforhorses.ee\/ru\/wp-json\/wp\/v2\/product"}],"about":[{"href":"https:\/\/www.allforhorses.ee\/ru\/wp-json\/wp\/v2\/types\/product"}],"wp:featuredmedia":[{"embeddable":true,"href":"https:\/\/www.allforhorses.ee\/ru\/wp-json\/wp\/v2\/media\/22949"}],"wp:attachment":[{"href":"https:\/\/www.allforhorses.ee\/ru\/wp-json\/wp\/v2\/media?parent=10121"}],"wp:term":[{"taxonomy":"product_brand","embeddable":true,"href":"https:\/\/www.allforhorses.ee\/ru\/wp-json\/wp\/v2\/product_brand?post=10121"},{"taxonomy":"product_cat","embeddable":true,"href":"https:\/\/www.allforhorses.ee\/ru\/wp-json\/wp\/v2\/product_cat?post=10121"},{"taxonomy":"product_tag","embeddable":true,"href":"https:\/\/www.allforhorses.ee\/ru\/wp-json\/wp\/v2\/product_tag?post=10121"}],"curies":[{"name":"wp","href":"https:\/\/api.w.org\/{rel}","templated":true}]}}