{"id":10044,"date":"2019-11-11T18:43:41","date_gmt":"2019-11-11T18:43:41","guid":{"rendered":"https:\/\/www.allforhorses.ee\/?post_type=product&#038;p=10044"},"modified":"2022-05-04T09:19:43","modified_gmt":"2022-05-04T09:19:43","slug":"pfiff-jalakaitsmed","status":"publish","type":"product","link":"https:\/\/www.allforhorses.ee\/ru\/toode\/pfiff-jalakaitsmed\/","title":{"rendered":"Pfiff Jalakaitsmed"},"content":{"rendered":"","protected":false},"excerpt":{"rendered":"<p><b>Pfiff jalakaitsmed\u00a0<\/b>on pehmed, 8mm paksud. Kaitsmeid v\u00f5ib kasutada nii esimestel kui tagumistel jalgadel. Pfiff soovitab\u00a0osta \u00fche numbri v\u00f5rra suurema tagajalakaitsmeid.<\/p>\n<p>Jalakaitsmed on ainult ettetellimisel(tarneaeg 10-14 t\u00f6\u00f6p\u00e4eva).<\/p>\n","protected":false},"featured_media":10045,"template":"","meta":[],"product_brand":[],"product_cat":[158,236,237,238],"product_tag":[],"class_list":{"0":"post-10044","1":"product","2":"type-product","3":"status-publish","4":"has-post-thumbnail","6":"product_cat-hobusele","7":"product_cat-hobuste-jalakaitsmed-ja-kalossid","8":"product_cat-esijalakaitsmed","9":"product_cat-tagajalakaitsmed","11":"first","12":"outofstock","13":"taxable","14":"shipping-taxable","15":"purchasable","16":"product-type-variable"},"_links":{"self":[{"href":"https:\/\/www.allforhorses.ee\/ru\/wp-json\/wp\/v2\/product\/10044","targetHints":{"allow":["GET"]}}],"collection":[{"href":"https:\/\/www.allforhorses.ee\/ru\/wp-json\/wp\/v2\/product"}],"about":[{"href":"https:\/\/www.allforhorses.ee\/ru\/wp-json\/wp\/v2\/types\/product"}],"wp:featuredmedia":[{"embeddable":true,"href":"https:\/\/www.allforhorses.ee\/ru\/wp-json\/wp\/v2\/media\/10045"}],"wp:attachment":[{"href":"https:\/\/www.allforhorses.ee\/ru\/wp-json\/wp\/v2\/media?parent=10044"}],"wp:term":[{"taxonomy":"product_brand","embeddable":true,"href":"https:\/\/www.allforhorses.ee\/ru\/wp-json\/wp\/v2\/product_brand?post=10044"},{"taxonomy":"product_cat","embeddable":true,"href":"https:\/\/www.allforhorses.ee\/ru\/wp-json\/wp\/v2\/product_cat?post=10044"},{"taxonomy":"product_tag","embeddable":true,"href":"https:\/\/www.allforhorses.ee\/ru\/wp-json\/wp\/v2\/product_tag?post=10044"}],"curies":[{"name":"wp","href":"https:\/\/api.w.org\/{rel}","templated":true}]}}