{"id":9973,"date":"2019-11-03T19:30:13","date_gmt":"2019-11-03T19:30:13","guid":{"rendered":"https:\/\/www.allforhorses.ee\/?post_type=product&#038;p=9973"},"modified":"2022-08-31T07:58:53","modified_gmt":"2022-08-31T07:58:53","slug":"pfiff-kabjarasv-loorberioliga","status":"publish","type":"product","link":"https:\/\/www.allforhorses.ee\/en\/toode\/pfiff-kabjarasv-loorberioliga\/","title":{"rendered":"Pfiff Kabjarasv Loorberi\u00f5liga"},"content":{"rendered":"","protected":false},"excerpt":{"rendered":"<p><b>Pfiff Kabjarasv Loorberi\u00f5liga<\/b>tagab kabjale elastsuse ja v\u00e4hendab v\u00f5imalusi m\u00f5rade tekkek.\u00a0Kabjarasv\u00a0parandab kabja seisukorda, andes sellele l\u00e4iket.<br \/>\nV\u00e4rv: roheline, must.<\/p>\n<p>2500ml ja 5000ml on ainult ettetellimisel(10-14 t\u00f6\u00f6p\u00e4eva).<\/p>\n","protected":false},"featured_media":9982,"template":"","meta":[],"product_brand":[],"product_cat":[158,159,692,693],"product_tag":[],"class_list":{"0":"post-9973","1":"product","2":"type-product","3":"status-publish","4":"has-post-thumbnail","6":"product_cat-hobusele","7":"product_cat-hobuste-hooldusvahendid","8":"product_cat-kabjahooldus","9":"product_cat-kabjaolid-lakid-ja-rasvad","11":"first","12":"outofstock","13":"taxable","14":"shipping-taxable","15":"purchasable","16":"product-type-variable"},"_links":{"self":[{"href":"https:\/\/www.allforhorses.ee\/en\/wp-json\/wp\/v2\/product\/9973","targetHints":{"allow":["GET"]}}],"collection":[{"href":"https:\/\/www.allforhorses.ee\/en\/wp-json\/wp\/v2\/product"}],"about":[{"href":"https:\/\/www.allforhorses.ee\/en\/wp-json\/wp\/v2\/types\/product"}],"wp:featuredmedia":[{"embeddable":true,"href":"https:\/\/www.allforhorses.ee\/en\/wp-json\/wp\/v2\/media\/9982"}],"wp:attachment":[{"href":"https:\/\/www.allforhorses.ee\/en\/wp-json\/wp\/v2\/media?parent=9973"}],"wp:term":[{"taxonomy":"product_brand","embeddable":true,"href":"https:\/\/www.allforhorses.ee\/en\/wp-json\/wp\/v2\/product_brand?post=9973"},{"taxonomy":"product_cat","embeddable":true,"href":"https:\/\/www.allforhorses.ee\/en\/wp-json\/wp\/v2\/product_cat?post=9973"},{"taxonomy":"product_tag","embeddable":true,"href":"https:\/\/www.allforhorses.ee\/en\/wp-json\/wp\/v2\/product_tag?post=9973"}],"curies":[{"name":"wp","href":"https:\/\/api.w.org\/{rel}","templated":true}]}}