{"id":9739,"date":"2019-10-29T08:32:50","date_gmt":"2019-10-29T08:32:50","guid":{"rendered":"https:\/\/www.allforhorses.ee\/?post_type=product&#038;p=9739"},"modified":"2026-04-02T08:01:16","modified_gmt":"2026-04-02T08:01:16","slug":"soojad-ratsasaapad-corby","status":"publish","type":"product","link":"https:\/\/www.allforhorses.ee\/en\/toode\/soojad-ratsasaapad-corby\/","title":{"rendered":"Soojad Ratsasaapad &#8220;Corby&#8221;"},"content":{"rendered":"","protected":false},"excerpt":{"rendered":"<p><strong>Soojad Ratsasaapad &#8220;Corby&#8221; <\/strong>on s\u00fcnteetilisest nahast. Saapad on v\u00e4ga mugavad, tagant s\u00e4\u00e4reosa on lukuga. Saapad on mittelibiseva tallaga, neid on kerge puhastada ja hooldada.<\/p>\n<p>&nbsp;<\/p>\n","protected":false},"featured_media":9751,"template":"","meta":[],"product_brand":[],"product_cat":[109,735,110,112,113],"product_tag":[],"class_list":{"0":"post-9739","1":"product","2":"type-product","3":"status-publish","4":"has-post-thumbnail","6":"product_cat-ratsariided","7":"product_cat-allahindlus","8":"product_cat-ratsasaapad","9":"product_cat-pikad-ratsasaapad","10":"product_cat-soojad-ratsasaapad","12":"first","13":"instock","14":"sale","15":"taxable","16":"shipping-taxable","17":"purchasable","18":"product-type-variable"},"_links":{"self":[{"href":"https:\/\/www.allforhorses.ee\/en\/wp-json\/wp\/v2\/product\/9739","targetHints":{"allow":["GET"]}}],"collection":[{"href":"https:\/\/www.allforhorses.ee\/en\/wp-json\/wp\/v2\/product"}],"about":[{"href":"https:\/\/www.allforhorses.ee\/en\/wp-json\/wp\/v2\/types\/product"}],"wp:featuredmedia":[{"embeddable":true,"href":"https:\/\/www.allforhorses.ee\/en\/wp-json\/wp\/v2\/media\/9751"}],"wp:attachment":[{"href":"https:\/\/www.allforhorses.ee\/en\/wp-json\/wp\/v2\/media?parent=9739"}],"wp:term":[{"taxonomy":"product_brand","embeddable":true,"href":"https:\/\/www.allforhorses.ee\/en\/wp-json\/wp\/v2\/product_brand?post=9739"},{"taxonomy":"product_cat","embeddable":true,"href":"https:\/\/www.allforhorses.ee\/en\/wp-json\/wp\/v2\/product_cat?post=9739"},{"taxonomy":"product_tag","embeddable":true,"href":"https:\/\/www.allforhorses.ee\/en\/wp-json\/wp\/v2\/product_tag?post=9739"}],"curies":[{"name":"wp","href":"https:\/\/api.w.org\/{rel}","templated":true}]}}