{"id":9117,"date":"2019-10-24T20:11:46","date_gmt":"2019-10-24T20:11:46","guid":{"rendered":"https:\/\/www.allforhorses.ee\/?post_type=product&#038;p=9117"},"modified":"2026-01-31T10:45:38","modified_gmt":"2026-01-31T10:45:38","slug":"hkm-parka-eaton","status":"publish","type":"product","link":"https:\/\/www.allforhorses.ee\/en\/toode\/hkm-parka-eaton\/","title":{"rendered":"HKM Parka &#8220;Eaton&#8221;"},"content":{"rendered":"","protected":false},"excerpt":{"rendered":"<p><strong>HKM Parka &#8220;Eaton&#8221; <\/strong>on veekindel(kuni 3000 mm), hingav(3000 ml m\u00b2\/24 h).\u00a0 Mantlil on kaksipidi k\u00e4iv t\u00f5mbluk, 2 taskut, elastne v\u00f6\u00f6osa, karvase \u00e4\u00e4rega kaputs.<br \/>\nMasinpestav 30 kraadi juures.<br \/>\nV\u00e4lismaterjal: 100% pol\u00fceester.<br \/>\nV\u00e4rv: tumesinine, khaki, pruun.<br \/>\nSuurus: XS, S, M, L, XL, XXL.<\/p>\n<p><em>LAOS pruuni v\u00e4rvi XL; rohelist XS, S, XXL<\/em><\/p>\n","protected":false},"featured_media":18237,"template":"","meta":[],"product_brand":[],"product_cat":[109,122,123],"product_tag":[],"class_list":{"0":"post-9117","1":"product","2":"type-product","3":"status-publish","4":"has-post-thumbnail","6":"product_cat-ratsariided","7":"product_cat-ratsajoped-ja-vestid","8":"product_cat-ratsajoped-ja-mantlid","10":"first","11":"instock","12":"taxable","13":"shipping-taxable","14":"purchasable","15":"product-type-variable"},"_links":{"self":[{"href":"https:\/\/www.allforhorses.ee\/en\/wp-json\/wp\/v2\/product\/9117","targetHints":{"allow":["GET"]}}],"collection":[{"href":"https:\/\/www.allforhorses.ee\/en\/wp-json\/wp\/v2\/product"}],"about":[{"href":"https:\/\/www.allforhorses.ee\/en\/wp-json\/wp\/v2\/types\/product"}],"wp:featuredmedia":[{"embeddable":true,"href":"https:\/\/www.allforhorses.ee\/en\/wp-json\/wp\/v2\/media\/18237"}],"wp:attachment":[{"href":"https:\/\/www.allforhorses.ee\/en\/wp-json\/wp\/v2\/media?parent=9117"}],"wp:term":[{"taxonomy":"product_brand","embeddable":true,"href":"https:\/\/www.allforhorses.ee\/en\/wp-json\/wp\/v2\/product_brand?post=9117"},{"taxonomy":"product_cat","embeddable":true,"href":"https:\/\/www.allforhorses.ee\/en\/wp-json\/wp\/v2\/product_cat?post=9117"},{"taxonomy":"product_tag","embeddable":true,"href":"https:\/\/www.allforhorses.ee\/en\/wp-json\/wp\/v2\/product_tag?post=9117"}],"curies":[{"name":"wp","href":"https:\/\/api.w.org\/{rel}","templated":true}]}}