{"id":9090,"date":"2019-10-24T19:52:55","date_gmt":"2019-10-24T19:52:55","guid":{"rendered":"https:\/\/www.allforhorses.ee\/?post_type=product&#038;p=9090"},"modified":"2023-10-01T09:27:40","modified_gmt":"2023-10-01T09:27:40","slug":"hkm-ratsamantel-marrakesh","status":"publish","type":"product","link":"https:\/\/www.allforhorses.ee\/en\/toode\/hkm-ratsamantel-marrakesh\/","title":{"rendered":"HKM Ratsamantel &#8220;Marrakesh&#8221;"},"content":{"rendered":"","protected":false},"excerpt":{"rendered":"<p><strong>HKM Ratsamantel &#8220;Marrakesh&#8221; <\/strong>on vetth\u00fclgav ja tuulekindel, taljesse hoidev kuju. Mantel hoiab h\u00e4sti sooja. Mantlil on kaksipidi k\u00e4iv t\u00f5mbluk, 2 taskut, elastne v\u00f6\u00f6osa.<br \/>\nMasinpestav 30 kraadi juures.<br \/>\nSisevooder: 10% pol\u00fcester.<br \/>\nV\u00e4lismaterjal: 100% nailon.<br \/>\nSuurus: XS, S, M, L, XL, XXL.<\/p>\n<p><em>HKM Ratsamantel &#8220;Marrakesh&#8221; on ainult ettetellimisel(tarne u 14 t\u00f6\u00f6p\u00e4eva).<\/em><\/p>\n","protected":false},"featured_media":18270,"template":"","meta":[],"product_brand":[],"product_cat":[109,122,123],"product_tag":[],"class_list":{"0":"post-9090","1":"product","2":"type-product","3":"status-publish","4":"has-post-thumbnail","6":"product_cat-ratsariided","7":"product_cat-ratsajoped-ja-vestid","8":"product_cat-ratsajoped-ja-mantlid","10":"first","11":"instock","12":"taxable","13":"shipping-taxable","14":"purchasable","15":"product-type-variable"},"_links":{"self":[{"href":"https:\/\/www.allforhorses.ee\/en\/wp-json\/wp\/v2\/product\/9090","targetHints":{"allow":["GET"]}}],"collection":[{"href":"https:\/\/www.allforhorses.ee\/en\/wp-json\/wp\/v2\/product"}],"about":[{"href":"https:\/\/www.allforhorses.ee\/en\/wp-json\/wp\/v2\/types\/product"}],"wp:featuredmedia":[{"embeddable":true,"href":"https:\/\/www.allforhorses.ee\/en\/wp-json\/wp\/v2\/media\/18270"}],"wp:attachment":[{"href":"https:\/\/www.allforhorses.ee\/en\/wp-json\/wp\/v2\/media?parent=9090"}],"wp:term":[{"taxonomy":"product_brand","embeddable":true,"href":"https:\/\/www.allforhorses.ee\/en\/wp-json\/wp\/v2\/product_brand?post=9090"},{"taxonomy":"product_cat","embeddable":true,"href":"https:\/\/www.allforhorses.ee\/en\/wp-json\/wp\/v2\/product_cat?post=9090"},{"taxonomy":"product_tag","embeddable":true,"href":"https:\/\/www.allforhorses.ee\/en\/wp-json\/wp\/v2\/product_tag?post=9090"}],"curies":[{"name":"wp","href":"https:\/\/api.w.org\/{rel}","templated":true}]}}