{"id":8341,"date":"2019-09-20T06:13:00","date_gmt":"2019-09-20T06:13:00","guid":{"rendered":"https:\/\/www.allforhorses.ee\/?post_type=product&#038;p=8341"},"modified":"2022-08-30T10:40:13","modified_gmt":"2022-08-30T10:40:13","slug":"tooriistakomplekt-kapjade-varkimiseks","status":"publish","type":"product","link":"https:\/\/www.allforhorses.ee\/en\/toode\/tooriistakomplekt-kapjade-varkimiseks\/","title":{"rendered":"T\u00f6\u00f6riistakomplekt Kapjade V\u00e4rkimiseks"},"content":{"rendered":"","protected":false},"excerpt":{"rendered":"<p><strong>T\u00f6\u00f6riistakomplekt Kapjade V\u00e4rkimiseks\u00a0<\/strong>mahutab 7 t\u00f6\u00f6riista: kabjaviil, puidust k\u00e4epidemega haamer, nuga, kabjakonks, kahte erinevat t\u00fc\u00fcpi kabjatangid. Komplekt on mugavas kotis.<br \/>\nT\u00f6\u00f6riistakomplekt Kapjade V\u00e4rkimiseks on ainult ettetellimisel. Tarne 10-14 t\u00f6\u00f6p\u00e4eva.<\/p>\n","protected":false},"featured_media":8342,"template":"","meta":[],"product_brand":[],"product_cat":[158,159],"product_tag":[],"class_list":{"0":"post-8341","1":"product","2":"type-product","3":"status-publish","4":"has-post-thumbnail","6":"product_cat-hobusele","7":"product_cat-hobuste-hooldusvahendid","9":"first","10":"outofstock","11":"taxable","12":"shipping-taxable","13":"purchasable","14":"product-type-simple"},"_links":{"self":[{"href":"https:\/\/www.allforhorses.ee\/en\/wp-json\/wp\/v2\/product\/8341","targetHints":{"allow":["GET"]}}],"collection":[{"href":"https:\/\/www.allforhorses.ee\/en\/wp-json\/wp\/v2\/product"}],"about":[{"href":"https:\/\/www.allforhorses.ee\/en\/wp-json\/wp\/v2\/types\/product"}],"wp:featuredmedia":[{"embeddable":true,"href":"https:\/\/www.allforhorses.ee\/en\/wp-json\/wp\/v2\/media\/8342"}],"wp:attachment":[{"href":"https:\/\/www.allforhorses.ee\/en\/wp-json\/wp\/v2\/media?parent=8341"}],"wp:term":[{"taxonomy":"product_brand","embeddable":true,"href":"https:\/\/www.allforhorses.ee\/en\/wp-json\/wp\/v2\/product_brand?post=8341"},{"taxonomy":"product_cat","embeddable":true,"href":"https:\/\/www.allforhorses.ee\/en\/wp-json\/wp\/v2\/product_cat?post=8341"},{"taxonomy":"product_tag","embeddable":true,"href":"https:\/\/www.allforhorses.ee\/en\/wp-json\/wp\/v2\/product_tag?post=8341"}],"curies":[{"name":"wp","href":"https:\/\/api.w.org\/{rel}","templated":true}]}}