{"id":8259,"date":"2019-09-05T16:49:16","date_gmt":"2019-09-05T16:49:16","guid":{"rendered":"https:\/\/www.allforhorses.ee\/?post_type=product&#038;p=8259"},"modified":"2022-09-02T11:53:46","modified_gmt":"2022-09-02T11:53:46","slug":"sonnikureha","status":"publish","type":"product","link":"https:\/\/www.allforhorses.ee\/en\/toode\/sonnikureha\/","title":{"rendered":"S\u00f5nnikureha"},"content":{"rendered":"","protected":false},"excerpt":{"rendered":"<p><strong>S\u00f5nnikureha<\/strong> sobib s\u00f5nniku korjamiseks talli\u00fcmbruses v\u00f5i manee\u017eis.<br \/>\nPikkus: 83,5 cm.<\/p>\n<p>&nbsp;<\/p>\n","protected":false},"featured_media":8262,"template":"","meta":[],"product_brand":[],"product_cat":[145,154,155],"product_tag":[],"class_list":{"0":"post-8259","1":"product","2":"type-product","3":"status-publish","4":"has-post-thumbnail","6":"product_cat-talli","7":"product_cat-sonnikuhargid-ja-labidad","8":"product_cat-sonnikuhargid","10":"first","11":"outofstock","12":"taxable","13":"shipping-taxable","14":"purchasable","15":"product-type-simple"},"_links":{"self":[{"href":"https:\/\/www.allforhorses.ee\/en\/wp-json\/wp\/v2\/product\/8259","targetHints":{"allow":["GET"]}}],"collection":[{"href":"https:\/\/www.allforhorses.ee\/en\/wp-json\/wp\/v2\/product"}],"about":[{"href":"https:\/\/www.allforhorses.ee\/en\/wp-json\/wp\/v2\/types\/product"}],"wp:featuredmedia":[{"embeddable":true,"href":"https:\/\/www.allforhorses.ee\/en\/wp-json\/wp\/v2\/media\/8262"}],"wp:attachment":[{"href":"https:\/\/www.allforhorses.ee\/en\/wp-json\/wp\/v2\/media?parent=8259"}],"wp:term":[{"taxonomy":"product_brand","embeddable":true,"href":"https:\/\/www.allforhorses.ee\/en\/wp-json\/wp\/v2\/product_brand?post=8259"},{"taxonomy":"product_cat","embeddable":true,"href":"https:\/\/www.allforhorses.ee\/en\/wp-json\/wp\/v2\/product_cat?post=8259"},{"taxonomy":"product_tag","embeddable":true,"href":"https:\/\/www.allforhorses.ee\/en\/wp-json\/wp\/v2\/product_tag?post=8259"}],"curies":[{"name":"wp","href":"https:\/\/api.w.org\/{rel}","templated":true}]}}