{"id":8252,"date":"2019-09-05T16:40:22","date_gmt":"2019-09-05T16:40:22","guid":{"rendered":"https:\/\/www.allforhorses.ee\/?post_type=product&#038;p=8252"},"modified":"2025-12-01T08:38:09","modified_gmt":"2025-12-01T08:38:09","slug":"kulgedega-sonnikuhark","status":"publish","type":"product","link":"https:\/\/www.allforhorses.ee\/en\/toode\/kulgedega-sonnikuhark\/","title":{"rendered":"K\u00fclgedega S\u00f5nnikuhark"},"content":{"rendered":"","protected":false},"excerpt":{"rendered":"<p><strong>Kerbl K\u00fclgedega S\u00f5nnikuhark<\/strong>\u00a0on t\u00f6\u00f6vahend bokside ja koplite puhastamisel hobuse s\u00f5nnikust. S\u00f5nnikuhark on ilma varreta.<br \/>\nV\u00e4rv: must.<br \/>\nM\u00f5\u00f5dud 39 cm x 30 cm x 16 cm.<\/p>\n<p>&nbsp;<\/p>\n<p>&nbsp;<\/p>\n","protected":false},"featured_media":8255,"template":"","meta":[],"product_brand":[],"product_cat":[145,154,155],"product_tag":[],"class_list":{"0":"post-8252","1":"product","2":"type-product","3":"status-publish","4":"has-post-thumbnail","6":"product_cat-talli","7":"product_cat-sonnikuhargid-ja-labidad","8":"product_cat-sonnikuhargid","10":"first","11":"instock","12":"taxable","13":"shipping-taxable","14":"purchasable","15":"product-type-simple"},"_links":{"self":[{"href":"https:\/\/www.allforhorses.ee\/en\/wp-json\/wp\/v2\/product\/8252","targetHints":{"allow":["GET"]}}],"collection":[{"href":"https:\/\/www.allforhorses.ee\/en\/wp-json\/wp\/v2\/product"}],"about":[{"href":"https:\/\/www.allforhorses.ee\/en\/wp-json\/wp\/v2\/types\/product"}],"wp:featuredmedia":[{"embeddable":true,"href":"https:\/\/www.allforhorses.ee\/en\/wp-json\/wp\/v2\/media\/8255"}],"wp:attachment":[{"href":"https:\/\/www.allforhorses.ee\/en\/wp-json\/wp\/v2\/media?parent=8252"}],"wp:term":[{"taxonomy":"product_brand","embeddable":true,"href":"https:\/\/www.allforhorses.ee\/en\/wp-json\/wp\/v2\/product_brand?post=8252"},{"taxonomy":"product_cat","embeddable":true,"href":"https:\/\/www.allforhorses.ee\/en\/wp-json\/wp\/v2\/product_cat?post=8252"},{"taxonomy":"product_tag","embeddable":true,"href":"https:\/\/www.allforhorses.ee\/en\/wp-json\/wp\/v2\/product_tag?post=8252"}],"curies":[{"name":"wp","href":"https:\/\/api.w.org\/{rel}","templated":true}]}}