{"id":8100,"date":"2019-08-27T13:22:49","date_gmt":"2019-08-27T13:22:49","guid":{"rendered":"https:\/\/www.allforhorses.ee\/?post_type=product&#038;p=8100"},"modified":"2025-06-11T07:24:39","modified_gmt":"2025-06-11T07:24:39","slug":"hexocil-sampoon","status":"publish","type":"product","link":"https:\/\/www.allforhorses.ee\/en\/toode\/hexocil-sampoon\/","title":{"rendered":"Hexocil \u0160ampoon"},"content":{"rendered":"<div class=\"wpb-content-wrapper\"><p>[vc_row][vc_column][vc_column_text]<strong>Koostis:<\/strong> Heksetidiin 0,5%, ammooniumdodeks\u00fc\u00fclsulfaat 17%.<br \/>\n<strong>Kasutamine:<\/strong><br \/>\n&#8211; Tee looma karv korralikult m\u00e4rjaks;<br \/>\n&#8211; V\u00f5ta Hexocili nii palju, et saad seda loomale h\u00f5\u00f5rudes piisavalt vahtu (hobune 20-30 ml, koer ja kass 5-15 ml), v\u00e4ldi \u0161ampooni sattumist silma;<br \/>\n&#8211; Lase \u0161ampoonil toimida 10-15 minutit, loputa seej\u00e4rel rohke veega.[\/vc_column_text][\/vc_column][\/vc_row]<\/p>\n<\/div>","protected":false},"excerpt":{"rendered":"<p><strong>Hexocil<\/strong> on ravimifirma poolt toodetud \u0161ampoon hobuste, koerte ja kasside pesuks. Hexocili kasutamine tavapesul puhastab p\u00f5hjalikult karvkatte ja annab sellele kauni l\u00e4ike. Sobib suurep\u00e4raselt loomade pesuks enne n\u00e4itusi. Hexocilil on ka t\u00f5hus desinfitseeriv omadus, kuna \u0161ampooni toimel h\u00e4vivad s\u00fcgelust, k\u00f5\u00f5ma ja muid nahaprobleeme p\u00f5hjustavad bakterid. Sobib h\u00e4sti nahahaiguste raviskeemi. Heksetidiin toimib paljudesse grampositiivsetesse ja gramnegatiivsetesse bakteritesse ning seentesse.<br \/>\nPakend: 200ml, 500ml.<br \/>\nTootja: Pharmacia Animal Health.<\/p>\n","protected":false},"featured_media":8101,"template":"","meta":[],"product_brand":[],"product_cat":[158,171,172,259],"product_tag":[],"class_list":{"0":"post-8100","1":"product","2":"type-product","3":"status-publish","4":"has-post-thumbnail","6":"product_cat-hobusele","7":"product_cat-saba-lakk-ja-karvkate","8":"product_cat-sampoon","9":"product_cat-hobuste-tervisehoid","11":"first","12":"instock","13":"taxable","14":"shipping-taxable","15":"purchasable","16":"product-type-variable"},"_links":{"self":[{"href":"https:\/\/www.allforhorses.ee\/en\/wp-json\/wp\/v2\/product\/8100","targetHints":{"allow":["GET"]}}],"collection":[{"href":"https:\/\/www.allforhorses.ee\/en\/wp-json\/wp\/v2\/product"}],"about":[{"href":"https:\/\/www.allforhorses.ee\/en\/wp-json\/wp\/v2\/types\/product"}],"wp:featuredmedia":[{"embeddable":true,"href":"https:\/\/www.allforhorses.ee\/en\/wp-json\/wp\/v2\/media\/8101"}],"wp:attachment":[{"href":"https:\/\/www.allforhorses.ee\/en\/wp-json\/wp\/v2\/media?parent=8100"}],"wp:term":[{"taxonomy":"product_brand","embeddable":true,"href":"https:\/\/www.allforhorses.ee\/en\/wp-json\/wp\/v2\/product_brand?post=8100"},{"taxonomy":"product_cat","embeddable":true,"href":"https:\/\/www.allforhorses.ee\/en\/wp-json\/wp\/v2\/product_cat?post=8100"},{"taxonomy":"product_tag","embeddable":true,"href":"https:\/\/www.allforhorses.ee\/en\/wp-json\/wp\/v2\/product_tag?post=8100"}],"curies":[{"name":"wp","href":"https:\/\/api.w.org\/{rel}","templated":true}]}}