{"id":7883,"date":"2019-08-07T20:14:13","date_gmt":"2019-08-07T20:14:13","guid":{"rendered":"https:\/\/www.allforhorses.ee\/?post_type=product&#038;p=7883"},"modified":"2020-10-20T07:45:17","modified_gmt":"2020-10-20T07:45:17","slug":"riputatav-soodakuna","status":"publish","type":"product","link":"https:\/\/www.allforhorses.ee\/en\/toode\/riputatav-soodakuna\/","title":{"rendered":"Riputatav S\u00f6\u00f6dak\u00fcna"},"content":{"rendered":"","protected":false},"excerpt":{"rendered":"<p><strong>Riputatav S\u00f6\u00f6dak\u00fcna(13,5 l)<\/strong> h\u00e4sti sobib v\u00f5istlusteks v\u00f5i hobuse transportimiseks.<br \/>\nM\u00f5\u00f5dud: 36 cm x 37 cm x 31 cm, 13,5 l.<br \/>\nV\u00e4rv: roheline.<\/p>\n<p>&nbsp;<\/p>\n","protected":false},"featured_media":7886,"template":"","meta":[],"product_brand":[],"product_cat":[145,146,150],"product_tag":[],"class_list":{"0":"post-7883","1":"product","2":"type-product","3":"status-publish","4":"has-post-thumbnail","6":"product_cat-talli","7":"product_cat-talliambrid-ja-soodakaussid","8":"product_cat-soodakunad","10":"first","11":"outofstock","12":"taxable","13":"shipping-taxable","14":"purchasable","15":"product-type-simple"},"_links":{"self":[{"href":"https:\/\/www.allforhorses.ee\/en\/wp-json\/wp\/v2\/product\/7883","targetHints":{"allow":["GET"]}}],"collection":[{"href":"https:\/\/www.allforhorses.ee\/en\/wp-json\/wp\/v2\/product"}],"about":[{"href":"https:\/\/www.allforhorses.ee\/en\/wp-json\/wp\/v2\/types\/product"}],"wp:featuredmedia":[{"embeddable":true,"href":"https:\/\/www.allforhorses.ee\/en\/wp-json\/wp\/v2\/media\/7886"}],"wp:attachment":[{"href":"https:\/\/www.allforhorses.ee\/en\/wp-json\/wp\/v2\/media?parent=7883"}],"wp:term":[{"taxonomy":"product_brand","embeddable":true,"href":"https:\/\/www.allforhorses.ee\/en\/wp-json\/wp\/v2\/product_brand?post=7883"},{"taxonomy":"product_cat","embeddable":true,"href":"https:\/\/www.allforhorses.ee\/en\/wp-json\/wp\/v2\/product_cat?post=7883"},{"taxonomy":"product_tag","embeddable":true,"href":"https:\/\/www.allforhorses.ee\/en\/wp-json\/wp\/v2\/product_tag?post=7883"}],"curies":[{"name":"wp","href":"https:\/\/api.w.org\/{rel}","templated":true}]}}