{"id":7449,"date":"2019-07-03T20:42:53","date_gmt":"2019-07-03T20:42:53","guid":{"rendered":"https:\/\/www.allforhorses.ee\/?post_type=product&#038;p=7449"},"modified":"2023-08-06T09:11:14","modified_gmt":"2023-08-06T09:11:14","slug":"elektrikarjuse-varava-kaepide","status":"publish","type":"product","link":"https:\/\/www.allforhorses.ee\/en\/toode\/elektrikarjuse-varava-kaepide\/","title":{"rendered":"Elektrikarjuse V\u00e4rava K\u00e4epide"},"content":{"rendered":"","protected":false},"excerpt":{"rendered":"<p><strong>Elektrikarjuse V\u00e4rava K\u00e4epide<\/strong>\u00a0on konksu ja vedruga. V\u00e4rv: Must.<\/p>\n","protected":false},"featured_media":7455,"template":"","meta":[],"product_brand":[],"product_cat":[145,153,157],"product_tag":[],"class_list":{"0":"post-7449","1":"product","2":"type-product","3":"status-publish","4":"has-post-thumbnail","6":"product_cat-talli","7":"product_cat-elektrikarjuse-lindid-ja-tarvikud","8":"product_cat-kinnitused-ja-karabinid","10":"first","11":"instock","12":"taxable","13":"shipping-taxable","14":"purchasable","15":"product-type-simple"},"_links":{"self":[{"href":"https:\/\/www.allforhorses.ee\/en\/wp-json\/wp\/v2\/product\/7449","targetHints":{"allow":["GET"]}}],"collection":[{"href":"https:\/\/www.allforhorses.ee\/en\/wp-json\/wp\/v2\/product"}],"about":[{"href":"https:\/\/www.allforhorses.ee\/en\/wp-json\/wp\/v2\/types\/product"}],"wp:featuredmedia":[{"embeddable":true,"href":"https:\/\/www.allforhorses.ee\/en\/wp-json\/wp\/v2\/media\/7455"}],"wp:attachment":[{"href":"https:\/\/www.allforhorses.ee\/en\/wp-json\/wp\/v2\/media?parent=7449"}],"wp:term":[{"taxonomy":"product_brand","embeddable":true,"href":"https:\/\/www.allforhorses.ee\/en\/wp-json\/wp\/v2\/product_brand?post=7449"},{"taxonomy":"product_cat","embeddable":true,"href":"https:\/\/www.allforhorses.ee\/en\/wp-json\/wp\/v2\/product_cat?post=7449"},{"taxonomy":"product_tag","embeddable":true,"href":"https:\/\/www.allforhorses.ee\/en\/wp-json\/wp\/v2\/product_tag?post=7449"}],"curies":[{"name":"wp","href":"https:\/\/api.w.org\/{rel}","templated":true}]}}