{"id":7260,"date":"2019-06-24T19:11:46","date_gmt":"2019-06-24T19:11:46","guid":{"rendered":"https:\/\/www.allforhorses.ee\/?post_type=product&#038;p=7260"},"modified":"2022-05-01T11:48:51","modified_gmt":"2022-05-01T11:48:51","slug":"fliispinded-athene","status":"publish","type":"product","link":"https:\/\/www.allforhorses.ee\/en\/toode\/fliispinded-athene\/","title":{"rendered":"Fliispinded &#8220;Athene&#8221;"},"content":{"rendered":"","protected":false},"excerpt":{"rendered":"<p><strong>Fliispinded <\/strong>\u00a0on takjakinnitustega. Neid saab kasutada nii tallis kui ka treeningutel.<br \/>\nKomplektis on 4 pindet. Masinpestavad 30-kraadi juures.<br \/>\nMaterjal: 100% pol\u00fceester(fliis).<br \/>\nSuurus: ca 3 x 12cm.<\/p>\n<p><em>Fliispinded on ainult ettetellimisel(tarneaeg \u00a0u 14 t\u00f6\u00f6p\u00e4eva).<\/em><\/p>\n<p>&nbsp;<\/p>\n","protected":false},"featured_media":17547,"template":"","meta":[],"product_brand":[],"product_cat":[158,241,242],"product_tag":[],"class_list":{"0":"post-7260","1":"product","2":"type-product","3":"status-publish","4":"has-post-thumbnail","6":"product_cat-hobusele","7":"product_cat-pinded-ja-vatnikud","8":"product_cat-pinded","10":"first","11":"instock","12":"taxable","13":"shipping-taxable","14":"purchasable","15":"product-type-variable"},"_links":{"self":[{"href":"https:\/\/www.allforhorses.ee\/en\/wp-json\/wp\/v2\/product\/7260","targetHints":{"allow":["GET"]}}],"collection":[{"href":"https:\/\/www.allforhorses.ee\/en\/wp-json\/wp\/v2\/product"}],"about":[{"href":"https:\/\/www.allforhorses.ee\/en\/wp-json\/wp\/v2\/types\/product"}],"wp:featuredmedia":[{"embeddable":true,"href":"https:\/\/www.allforhorses.ee\/en\/wp-json\/wp\/v2\/media\/17547"}],"wp:attachment":[{"href":"https:\/\/www.allforhorses.ee\/en\/wp-json\/wp\/v2\/media?parent=7260"}],"wp:term":[{"taxonomy":"product_brand","embeddable":true,"href":"https:\/\/www.allforhorses.ee\/en\/wp-json\/wp\/v2\/product_brand?post=7260"},{"taxonomy":"product_cat","embeddable":true,"href":"https:\/\/www.allforhorses.ee\/en\/wp-json\/wp\/v2\/product_cat?post=7260"},{"taxonomy":"product_tag","embeddable":true,"href":"https:\/\/www.allforhorses.ee\/en\/wp-json\/wp\/v2\/product_tag?post=7260"}],"curies":[{"name":"wp","href":"https:\/\/api.w.org\/{rel}","templated":true}]}}