{"id":6835,"date":"2019-05-28T18:41:02","date_gmt":"2019-05-28T18:41:02","guid":{"rendered":"https:\/\/www.allforhorses.ee\/?post_type=product&#038;p=6835"},"modified":"2026-01-02T11:27:35","modified_gmt":"2026-01-02T11:27:35","slug":"stekihoidja","status":"publish","type":"product","link":"https:\/\/www.allforhorses.ee\/en\/toode\/stekihoidja\/","title":{"rendered":"Stekihoidja"},"content":{"rendered":"","protected":false},"excerpt":{"rendered":"<p><strong>Stekihoidja\u00a0<\/strong>on v\u00f5imalus hoida k\u00f5ik stekid \u00fches kohas seina peal. Kuni 11 stekki.<\/p>\n","protected":false},"featured_media":6839,"template":"","meta":[],"product_brand":[],"product_cat":[109,138,140],"product_tag":[],"class_list":{"0":"post-6835","1":"product","2":"type-product","3":"status-publish","4":"has-post-thumbnail","6":"product_cat-ratsariided","7":"product_cat-stekid","8":"product_cat-stekihoidjad","10":"first","11":"instock","12":"taxable","13":"shipping-taxable","14":"purchasable","15":"product-type-simple"},"_links":{"self":[{"href":"https:\/\/www.allforhorses.ee\/en\/wp-json\/wp\/v2\/product\/6835","targetHints":{"allow":["GET"]}}],"collection":[{"href":"https:\/\/www.allforhorses.ee\/en\/wp-json\/wp\/v2\/product"}],"about":[{"href":"https:\/\/www.allforhorses.ee\/en\/wp-json\/wp\/v2\/types\/product"}],"wp:featuredmedia":[{"embeddable":true,"href":"https:\/\/www.allforhorses.ee\/en\/wp-json\/wp\/v2\/media\/6839"}],"wp:attachment":[{"href":"https:\/\/www.allforhorses.ee\/en\/wp-json\/wp\/v2\/media?parent=6835"}],"wp:term":[{"taxonomy":"product_brand","embeddable":true,"href":"https:\/\/www.allforhorses.ee\/en\/wp-json\/wp\/v2\/product_brand?post=6835"},{"taxonomy":"product_cat","embeddable":true,"href":"https:\/\/www.allforhorses.ee\/en\/wp-json\/wp\/v2\/product_cat?post=6835"},{"taxonomy":"product_tag","embeddable":true,"href":"https:\/\/www.allforhorses.ee\/en\/wp-json\/wp\/v2\/product_tag?post=6835"}],"curies":[{"name":"wp","href":"https:\/\/api.w.org\/{rel}","templated":true}]}}