{"id":5650,"date":"2019-04-23T06:28:42","date_gmt":"2019-04-23T06:28:42","guid":{"rendered":"https:\/\/www.allforhorses.ee\/?post_type=product&#038;p=5650"},"modified":"2025-05-12T16:13:28","modified_gmt":"2025-05-12T16:13:28","slug":"pfiff-poolsaapadkarvane-sisevooder","status":"publish","type":"product","link":"https:\/\/www.allforhorses.ee\/en\/toode\/pfiff-poolsaapadkarvane-sisevooder\/","title":{"rendered":"Pfiff Poolsaapad(karvane sisevooder)"},"content":{"rendered":"","protected":false},"excerpt":{"rendered":"<p><strong>Pfiff Poolsaapad <\/strong>on veekindla ja\u00a0mittelibiseva tallaga,\u00a0soe ja karvane sisevooder (s\u00fcnteetiline karv). On elastsed osad pahkluu m\u00f5lemal poolel. \u00a0Saapaid on kerge puhastada ja hooldada. Poolsaaapad on \u00fche suuruse v\u00f5rra v\u00e4iksemad kui tavaliselt.<\/p>\n","protected":false},"featured_media":5662,"template":"","meta":[],"product_brand":[],"product_cat":[109,110,111,113],"product_tag":[],"class_list":{"0":"post-5650","1":"product","2":"type-product","3":"status-publish","4":"has-post-thumbnail","6":"product_cat-ratsariided","7":"product_cat-ratsasaapad","8":"product_cat-poolsaapad","9":"product_cat-soojad-ratsasaapad","11":"first","12":"instock","13":"taxable","14":"shipping-taxable","15":"purchasable","16":"product-type-variable"},"_links":{"self":[{"href":"https:\/\/www.allforhorses.ee\/en\/wp-json\/wp\/v2\/product\/5650","targetHints":{"allow":["GET"]}}],"collection":[{"href":"https:\/\/www.allforhorses.ee\/en\/wp-json\/wp\/v2\/product"}],"about":[{"href":"https:\/\/www.allforhorses.ee\/en\/wp-json\/wp\/v2\/types\/product"}],"wp:featuredmedia":[{"embeddable":true,"href":"https:\/\/www.allforhorses.ee\/en\/wp-json\/wp\/v2\/media\/5662"}],"wp:attachment":[{"href":"https:\/\/www.allforhorses.ee\/en\/wp-json\/wp\/v2\/media?parent=5650"}],"wp:term":[{"taxonomy":"product_brand","embeddable":true,"href":"https:\/\/www.allforhorses.ee\/en\/wp-json\/wp\/v2\/product_brand?post=5650"},{"taxonomy":"product_cat","embeddable":true,"href":"https:\/\/www.allforhorses.ee\/en\/wp-json\/wp\/v2\/product_cat?post=5650"},{"taxonomy":"product_tag","embeddable":true,"href":"https:\/\/www.allforhorses.ee\/en\/wp-json\/wp\/v2\/product_tag?post=5650"}],"curies":[{"name":"wp","href":"https:\/\/api.w.org\/{rel}","templated":true}]}}