{"id":47481,"date":"2025-12-30T12:14:11","date_gmt":"2025-12-30T12:14:11","guid":{"rendered":"https:\/\/www.allforhorses.ee\/?post_type=product&#038;p=47481"},"modified":"2025-12-30T12:17:13","modified_gmt":"2025-12-30T12:17:13","slug":"wahlsten-meriinopolvikud-winter-merino","status":"publish","type":"product","link":"https:\/\/www.allforhorses.ee\/en\/toode\/wahlsten-meriinopolvikud-winter-merino\/","title":{"rendered":"Wahlsten Meriinop\u00f5lvikud &#8220;Winter Merino&#8221;"},"content":{"rendered":"","protected":false},"excerpt":{"rendered":"<p><strong>Wahlsten Ratsap\u00f5lvikud &#8220;Light Merino&#8221;<\/strong> &#8211; 50% meriinovill.<br \/>\nMasinpestav 30 kraadi juures.<br \/>\nMaterjal: 50% meriinovill, 30% akr\u00fc\u00fcl, 15% pol\u00fcamiid, 5% elastaan.<\/p>\n<p>V\u00e4rv: hall.<\/p>\n<p>&nbsp;<\/p>\n<p>&nbsp;<\/p>\n","protected":false},"featured_media":47486,"template":"","meta":[],"product_brand":[],"product_cat":[109,118,120,119],"product_tag":[],"class_list":{"0":"post-47481","1":"product","2":"type-product","3":"status-publish","4":"has-post-thumbnail","6":"product_cat-ratsariided","7":"product_cat-ratsapolvikud","8":"product_cat-meeste-ratsapolvikud","9":"product_cat-naiste-ratsapolvikud","11":"first","12":"instock","13":"taxable","14":"shipping-taxable","15":"purchasable","16":"product-type-variable"},"_links":{"self":[{"href":"https:\/\/www.allforhorses.ee\/en\/wp-json\/wp\/v2\/product\/47481","targetHints":{"allow":["GET"]}}],"collection":[{"href":"https:\/\/www.allforhorses.ee\/en\/wp-json\/wp\/v2\/product"}],"about":[{"href":"https:\/\/www.allforhorses.ee\/en\/wp-json\/wp\/v2\/types\/product"}],"wp:featuredmedia":[{"embeddable":true,"href":"https:\/\/www.allforhorses.ee\/en\/wp-json\/wp\/v2\/media\/47486"}],"wp:attachment":[{"href":"https:\/\/www.allforhorses.ee\/en\/wp-json\/wp\/v2\/media?parent=47481"}],"wp:term":[{"taxonomy":"product_brand","embeddable":true,"href":"https:\/\/www.allforhorses.ee\/en\/wp-json\/wp\/v2\/product_brand?post=47481"},{"taxonomy":"product_cat","embeddable":true,"href":"https:\/\/www.allforhorses.ee\/en\/wp-json\/wp\/v2\/product_cat?post=47481"},{"taxonomy":"product_tag","embeddable":true,"href":"https:\/\/www.allforhorses.ee\/en\/wp-json\/wp\/v2\/product_tag?post=47481"}],"curies":[{"name":"wp","href":"https:\/\/api.w.org\/{rel}","templated":true}]}}