{"id":47468,"date":"2025-12-30T11:14:10","date_gmt":"2025-12-30T11:14:10","guid":{"rendered":"https:\/\/www.allforhorses.ee\/?post_type=product&#038;p=47468"},"modified":"2026-03-09T09:40:26","modified_gmt":"2026-03-09T09:40:26","slug":"hkm-kepphobune-haalega-bella-3","status":"publish","type":"product","link":"https:\/\/www.allforhorses.ee\/en\/toode\/hkm-kepphobune-haalega-bella-3\/","title":{"rendered":"HKM Kepphobune H\u00e4\u00e4lega &#8220;Bella&#8221;"},"content":{"rendered":"","protected":false},"excerpt":{"rendered":"<p><strong>HKM Kepphobune\u00a0<\/strong>on puidust vars(lahtikeeratav), puidust rattad ja k\u00e4epideme. Teeb hobuse h\u00e4\u00e4lt.<br \/>\nPikkus: u 100 cm.<br \/>\nKepp: 64cm.<\/p>\n<p>&nbsp;<\/p>\n","protected":false},"featured_media":47469,"template":"","meta":[],"product_brand":[],"product_cat":[109,1197],"product_tag":[],"class_list":{"0":"post-47468","1":"product","2":"type-product","3":"status-publish","4":"has-post-thumbnail","6":"product_cat-ratsariided","7":"product_cat-kepphobused","9":"first","10":"outofstock","11":"taxable","12":"shipping-taxable","13":"purchasable","14":"product-type-simple"},"_links":{"self":[{"href":"https:\/\/www.allforhorses.ee\/en\/wp-json\/wp\/v2\/product\/47468","targetHints":{"allow":["GET"]}}],"collection":[{"href":"https:\/\/www.allforhorses.ee\/en\/wp-json\/wp\/v2\/product"}],"about":[{"href":"https:\/\/www.allforhorses.ee\/en\/wp-json\/wp\/v2\/types\/product"}],"wp:featuredmedia":[{"embeddable":true,"href":"https:\/\/www.allforhorses.ee\/en\/wp-json\/wp\/v2\/media\/47469"}],"wp:attachment":[{"href":"https:\/\/www.allforhorses.ee\/en\/wp-json\/wp\/v2\/media?parent=47468"}],"wp:term":[{"taxonomy":"product_brand","embeddable":true,"href":"https:\/\/www.allforhorses.ee\/en\/wp-json\/wp\/v2\/product_brand?post=47468"},{"taxonomy":"product_cat","embeddable":true,"href":"https:\/\/www.allforhorses.ee\/en\/wp-json\/wp\/v2\/product_cat?post=47468"},{"taxonomy":"product_tag","embeddable":true,"href":"https:\/\/www.allforhorses.ee\/en\/wp-json\/wp\/v2\/product_tag?post=47468"}],"curies":[{"name":"wp","href":"https:\/\/api.w.org\/{rel}","templated":true}]}}