{"id":46572,"date":"2025-09-10T12:54:38","date_gmt":"2025-09-10T12:54:38","guid":{"rendered":"https:\/\/www.allforhorses.ee\/?post_type=product&#038;p=46572"},"modified":"2025-10-13T16:58:10","modified_gmt":"2025-10-13T16:58:10","slug":"hkm-labipaistev-nahapalsam-500ml","status":"publish","type":"product","link":"https:\/\/www.allforhorses.ee\/en\/toode\/hkm-labipaistev-nahapalsam-500ml\/","title":{"rendered":"HKM L\u00e4bipaistev Nahapalsam (500ml)"},"content":{"rendered":"","protected":false},"excerpt":{"rendered":"<p><strong>HKM L\u00e4bipaistev Nahapalsam <\/strong>teeb naha pehmeks ja elastseks.<br \/>\nEnne palsami kasutamist tuleb nahapind nahaseebiga puhtaks teha. Kanna palsam puhta shvammi v\u00f5i lapiga.<\/p>\n<p>Suurus: 500ml.<\/p>\n<p><em>Tarne 14 t\u00f6\u00f6p\u00e4eva.<\/em><\/p>\n","protected":false},"featured_media":46577,"template":"","meta":[],"product_brand":[],"product_cat":[109,141],"product_tag":[],"class_list":{"0":"post-46572","1":"product","2":"type-product","3":"status-publish","4":"has-post-thumbnail","6":"product_cat-ratsariided","7":"product_cat-aksessuaarid","9":"first","10":"instock","11":"taxable","12":"shipping-taxable","13":"purchasable","14":"product-type-simple"},"_links":{"self":[{"href":"https:\/\/www.allforhorses.ee\/en\/wp-json\/wp\/v2\/product\/46572","targetHints":{"allow":["GET"]}}],"collection":[{"href":"https:\/\/www.allforhorses.ee\/en\/wp-json\/wp\/v2\/product"}],"about":[{"href":"https:\/\/www.allforhorses.ee\/en\/wp-json\/wp\/v2\/types\/product"}],"wp:featuredmedia":[{"embeddable":true,"href":"https:\/\/www.allforhorses.ee\/en\/wp-json\/wp\/v2\/media\/46577"}],"wp:attachment":[{"href":"https:\/\/www.allforhorses.ee\/en\/wp-json\/wp\/v2\/media?parent=46572"}],"wp:term":[{"taxonomy":"product_brand","embeddable":true,"href":"https:\/\/www.allforhorses.ee\/en\/wp-json\/wp\/v2\/product_brand?post=46572"},{"taxonomy":"product_cat","embeddable":true,"href":"https:\/\/www.allforhorses.ee\/en\/wp-json\/wp\/v2\/product_cat?post=46572"},{"taxonomy":"product_tag","embeddable":true,"href":"https:\/\/www.allforhorses.ee\/en\/wp-json\/wp\/v2\/product_tag?post=46572"}],"curies":[{"name":"wp","href":"https:\/\/api.w.org\/{rel}","templated":true}]}}