{"id":4648,"date":"2019-04-04T05:32:21","date_gmt":"2019-04-04T05:32:21","guid":{"rendered":"https:\/\/www.allforhorses.ee\/?post_type=product&#038;p=4648"},"modified":"2025-07-27T12:17:42","modified_gmt":"2025-07-27T12:17:42","slug":"pfiff-karbsekardinad","status":"publish","type":"product","link":"https:\/\/www.allforhorses.ee\/en\/toode\/pfiff-karbsekardinad\/","title":{"rendered":"Pfiff K\u00e4rbsekardinad"},"content":{"rendered":"","protected":false},"excerpt":{"rendered":"<p><strong>Pfiff K\u00e4rbsekardinad<\/strong> on suurep\u00e4rased\u00a0abivahendid k\u00e4rbeste \u00e4ra ajamisel hobuse silmadelt. Saab kasutada ka ilma valjaste ja p\u00e4itseteta.<\/p>\n<p>&nbsp;<\/p>\n","protected":false},"featured_media":4653,"template":"","meta":[],"product_brand":[],"product_cat":[158,204,208,206],"product_tag":[],"class_list":{"0":"post-4648","1":"product","2":"type-product","3":"status-publish","4":"has-post-thumbnail","6":"product_cat-hobusele","7":"product_cat-putukatorje-vahendid","8":"product_cat-karbsemutsid","9":"product_cat-putukamaskid","11":"first","12":"instock","13":"taxable","14":"shipping-taxable","15":"purchasable","16":"product-type-variable"},"_links":{"self":[{"href":"https:\/\/www.allforhorses.ee\/en\/wp-json\/wp\/v2\/product\/4648","targetHints":{"allow":["GET"]}}],"collection":[{"href":"https:\/\/www.allforhorses.ee\/en\/wp-json\/wp\/v2\/product"}],"about":[{"href":"https:\/\/www.allforhorses.ee\/en\/wp-json\/wp\/v2\/types\/product"}],"wp:featuredmedia":[{"embeddable":true,"href":"https:\/\/www.allforhorses.ee\/en\/wp-json\/wp\/v2\/media\/4653"}],"wp:attachment":[{"href":"https:\/\/www.allforhorses.ee\/en\/wp-json\/wp\/v2\/media?parent=4648"}],"wp:term":[{"taxonomy":"product_brand","embeddable":true,"href":"https:\/\/www.allforhorses.ee\/en\/wp-json\/wp\/v2\/product_brand?post=4648"},{"taxonomy":"product_cat","embeddable":true,"href":"https:\/\/www.allforhorses.ee\/en\/wp-json\/wp\/v2\/product_cat?post=4648"},{"taxonomy":"product_tag","embeddable":true,"href":"https:\/\/www.allforhorses.ee\/en\/wp-json\/wp\/v2\/product_tag?post=4648"}],"curies":[{"name":"wp","href":"https:\/\/api.w.org\/{rel}","templated":true}]}}