{"id":45115,"date":"2025-06-11T10:45:44","date_gmt":"2025-06-11T10:45:44","guid":{"rendered":"https:\/\/www.allforhorses.ee\/?post_type=product&#038;p=45115"},"modified":"2025-06-16T07:37:26","modified_gmt":"2025-06-16T07:37:26","slug":"hkm-redingot-marburg","status":"publish","type":"product","link":"https:\/\/www.allforhorses.ee\/en\/toode\/hkm-redingot-marburg\/","title":{"rendered":"HKM Redingot &#8220;Marburg&#8221;"},"content":{"rendered":"","protected":false},"excerpt":{"rendered":"<p><strong>HKM V\u00f5istluspintsak &#8220;Marburg&#8221;<\/strong> on valmistatud hingavast materjalist, seljal l\u00f5hikud, taljesse t\u00f6\u00f6deldud. Sobib nii lastele kui ka t\u00e4iskasvanutele. Masinpestav 30 kraadi juures.<br \/>\nMaterjal: 100% pol\u00fcester.<\/p>\n<p>&nbsp;<\/p>\n","protected":false},"featured_media":45198,"template":"","meta":[],"product_brand":[],"product_cat":[109,122,123],"product_tag":[],"class_list":{"0":"post-45115","1":"product","2":"type-product","3":"status-publish","4":"has-post-thumbnail","6":"product_cat-ratsariided","7":"product_cat-ratsajoped-ja-vestid","8":"product_cat-ratsajoped-ja-mantlid","10":"first","11":"instock","12":"featured","13":"taxable","14":"shipping-taxable","15":"purchasable","16":"product-type-variable"},"_links":{"self":[{"href":"https:\/\/www.allforhorses.ee\/en\/wp-json\/wp\/v2\/product\/45115","targetHints":{"allow":["GET"]}}],"collection":[{"href":"https:\/\/www.allforhorses.ee\/en\/wp-json\/wp\/v2\/product"}],"about":[{"href":"https:\/\/www.allforhorses.ee\/en\/wp-json\/wp\/v2\/types\/product"}],"wp:featuredmedia":[{"embeddable":true,"href":"https:\/\/www.allforhorses.ee\/en\/wp-json\/wp\/v2\/media\/45198"}],"wp:attachment":[{"href":"https:\/\/www.allforhorses.ee\/en\/wp-json\/wp\/v2\/media?parent=45115"}],"wp:term":[{"taxonomy":"product_brand","embeddable":true,"href":"https:\/\/www.allforhorses.ee\/en\/wp-json\/wp\/v2\/product_brand?post=45115"},{"taxonomy":"product_cat","embeddable":true,"href":"https:\/\/www.allforhorses.ee\/en\/wp-json\/wp\/v2\/product_cat?post=45115"},{"taxonomy":"product_tag","embeddable":true,"href":"https:\/\/www.allforhorses.ee\/en\/wp-json\/wp\/v2\/product_tag?post=45115"}],"curies":[{"name":"wp","href":"https:\/\/api.w.org\/{rel}","templated":true}]}}