{"id":44098,"date":"2025-02-23T12:06:36","date_gmt":"2025-02-23T12:06:36","guid":{"rendered":"https:\/\/www.allforhorses.ee\/?post_type=product&#038;p=44098"},"modified":"2025-02-23T12:44:36","modified_gmt":"2025-02-23T12:44:36","slug":"auto-ohuvarskendaja-ventilatsiooniklamber2tk","status":"publish","type":"product","link":"https:\/\/www.allforhorses.ee\/en\/toode\/auto-ohuvarskendaja-ventilatsiooniklamber2tk\/","title":{"rendered":"Auto \u00d5huv\u00e4rskendaja Ventilatsiooniklamber(2tk)"},"content":{"rendered":"<div class=\"wpb-content-wrapper\"><p>[vc_row][vc_column][vc_column_text css=&#8221;&#8221; css_params=&#8221;&#8221;]Luksuslikkus ja eksklusiivsus on omadused, mis iseloomustavad 12 populaarsest l\u00f5hnast koosnevat Aromatic \u202289\u2022 \u00f5huv\u00e4rskendajate komplekti sinu auto jaoks. Minimalistliku disainiga \u00f5huv\u00e4rskendaja on elegantne interj\u00f6\u00f6ri kaunistus, mis levitab valitud l\u00f5hnu kuni 30 p\u00e4eva! Eksklusiivseid aroome on tunda kohe, kui \u00f5huv\u00e4rskendaja sisestatakse ventilatsiooniavadesse. Sooja \u00f5huvoolu sissel\u00fclitamisel aroom v\u00f5imendub. Metallist hoidik on korduvkasutatav, kui \u00fcks l\u00f5hn otsa saab, saad selle kohe uue vastu v\u00e4lja vahetada. Komplekt sisaldab 12 k\u00f5ige populaarsemat Aromatic \u202289\u2022 l\u00f5hna, mille muljetavaldavaid aroome saad nautida iga kuu. See luksuslik kingitus r\u00f5\u00f5mustab sind aastaringselt!<\/p>\n<p>L\u00e4bim\u00f5\u00f5t: 3,7 cm<\/p>\n<p>Pakendis on 2 l\u00f5hnakontsentraadi kapslit.[\/vc_column_text][\/vc_column][\/vc_row]<\/p>\n<\/div>","protected":false},"excerpt":{"rendered":"<p>Aromatic89\u00a0Auto \u00f5huv\u00e4rskendaja ventilatsiooniklamber<\/p>\n<p>Minimalistliku disainiga \u00f5huv\u00e4rskendaja on teie auto sisemuse elegantne kaunistus. See eraldab teie valitud l\u00f5hnu isegi kuni 30 p\u00e4eva! Suurep\u00e4raseid l\u00f5hnu tunnete kohe, kui v\u00e4rskendaja on \u00f5hutusv\u00f5resse sisestatud. Kui aktiveeritakse soojem \u00f5huvool, muutuvad aroomid veelgi intensiivsemaks. Metallist hoidik on korduvkasutatav. Niisiis, p\u00e4rast lemmikl\u00f5hna l\u00f5ppemist saab hoidikut uuesti kasutada ja t\u00e4ita uue luksuslike aroomide kapsliga v\u00f5i kapsliga, milles on aroom, mida te pole varem proovinud.<\/p>\n","protected":false},"featured_media":44105,"template":"","meta":[],"product_brand":[],"product_cat":[1165],"product_tag":[],"class_list":{"0":"post-44098","1":"product","2":"type-product","3":"status-publish","4":"has-post-thumbnail","6":"product_cat-aromatic89","8":"first","9":"instock","10":"taxable","11":"shipping-taxable","12":"purchasable","13":"product-type-variable"},"_links":{"self":[{"href":"https:\/\/www.allforhorses.ee\/en\/wp-json\/wp\/v2\/product\/44098","targetHints":{"allow":["GET"]}}],"collection":[{"href":"https:\/\/www.allforhorses.ee\/en\/wp-json\/wp\/v2\/product"}],"about":[{"href":"https:\/\/www.allforhorses.ee\/en\/wp-json\/wp\/v2\/types\/product"}],"wp:featuredmedia":[{"embeddable":true,"href":"https:\/\/www.allforhorses.ee\/en\/wp-json\/wp\/v2\/media\/44105"}],"wp:attachment":[{"href":"https:\/\/www.allforhorses.ee\/en\/wp-json\/wp\/v2\/media?parent=44098"}],"wp:term":[{"taxonomy":"product_brand","embeddable":true,"href":"https:\/\/www.allforhorses.ee\/en\/wp-json\/wp\/v2\/product_brand?post=44098"},{"taxonomy":"product_cat","embeddable":true,"href":"https:\/\/www.allforhorses.ee\/en\/wp-json\/wp\/v2\/product_cat?post=44098"},{"taxonomy":"product_tag","embeddable":true,"href":"https:\/\/www.allforhorses.ee\/en\/wp-json\/wp\/v2\/product_tag?post=44098"}],"curies":[{"name":"wp","href":"https:\/\/api.w.org\/{rel}","templated":true}]}}