{"id":43276,"date":"2024-08-31T18:18:16","date_gmt":"2024-08-31T18:18:16","guid":{"rendered":"https:\/\/www.allforhorses.ee\/?post_type=product&#038;p=43276"},"modified":"2024-08-31T18:24:49","modified_gmt":"2024-08-31T18:24:49","slug":"excellent-jahutav-savi-deep-ice","status":"publish","type":"product","link":"https:\/\/www.allforhorses.ee\/en\/toode\/excellent-jahutav-savi-deep-ice\/","title":{"rendered":"Excellent Jahutav Savi &#8220;Deep Ice&#8221;"},"content":{"rendered":"<div class=\"wpb-content-wrapper\"><p>[vc_row][vc_column][\/vc_column][\/vc_row]<\/p>\n<\/div>","protected":false},"excerpt":{"rendered":"<p><strong>Excellent Jahutav Savi &#8220;Deep Ice&#8221;\u00a0<\/strong>&#8211;\u00a0Jahutava ja rahustava toimega savi hobuste jalgadele.<br \/>\nGeel on v\u00e4ga kasulik kuumadele v\u00e4sinud jalgadele, eriti rasketel treening- ja v\u00f5istlusaegadel. Esiteks jahuta ja siis soojendab.<\/p>\n<p>\u2022 Kasutusvalmis, lihtne peale kanda.<\/p>\n<p>\u2022 Rutiinseks kasutamiseks pole vaja m\u00e4hkida ega siduda.<\/p>\n<p>\u2022 Jahutab, rahustab ja pinguldab kuumalt v\u00e4sinud jalgu.<\/p>\n<p><em>Kasutamine<br \/>\n<\/em>Igap\u00e4evane kasutamine &#8211; M\u00e4\u00e4rida p\u00f5lvedele, kannaliigestele, s\u00e4\u00e4rtele ja k\u00f5\u00f5lustele \u00fchtlaselt p\u00e4rast treeningut.<br \/>\nPikemaajalise toime saavutamiseks &#8211; M\u00e4hkige m\u00e4\u00e4ritud piirkondade \u00fcmber niisutatud pruuni paberit ja sidet.<br \/>\nEemaldamine &#8211; pesta veega.<\/p>\n<p>&nbsp;<\/p>\n","protected":false},"featured_media":43278,"template":"","meta":[],"product_brand":[],"product_cat":[259],"product_tag":[],"class_list":{"0":"post-43276","1":"product","2":"type-product","3":"status-publish","4":"has-post-thumbnail","6":"product_cat-hobuste-tervisehoid","8":"first","9":"instock","10":"taxable","11":"shipping-taxable","12":"purchasable","13":"product-type-simple"},"_links":{"self":[{"href":"https:\/\/www.allforhorses.ee\/en\/wp-json\/wp\/v2\/product\/43276","targetHints":{"allow":["GET"]}}],"collection":[{"href":"https:\/\/www.allforhorses.ee\/en\/wp-json\/wp\/v2\/product"}],"about":[{"href":"https:\/\/www.allforhorses.ee\/en\/wp-json\/wp\/v2\/types\/product"}],"wp:featuredmedia":[{"embeddable":true,"href":"https:\/\/www.allforhorses.ee\/en\/wp-json\/wp\/v2\/media\/43278"}],"wp:attachment":[{"href":"https:\/\/www.allforhorses.ee\/en\/wp-json\/wp\/v2\/media?parent=43276"}],"wp:term":[{"taxonomy":"product_brand","embeddable":true,"href":"https:\/\/www.allforhorses.ee\/en\/wp-json\/wp\/v2\/product_brand?post=43276"},{"taxonomy":"product_cat","embeddable":true,"href":"https:\/\/www.allforhorses.ee\/en\/wp-json\/wp\/v2\/product_cat?post=43276"},{"taxonomy":"product_tag","embeddable":true,"href":"https:\/\/www.allforhorses.ee\/en\/wp-json\/wp\/v2\/product_tag?post=43276"}],"curies":[{"name":"wp","href":"https:\/\/api.w.org\/{rel}","templated":true}]}}