{"id":43096,"date":"2024-08-10T11:57:09","date_gmt":"2024-08-10T11:57:09","guid":{"rendered":"https:\/\/www.allforhorses.ee\/?post_type=product&#038;p=43096"},"modified":"2024-08-10T12:02:39","modified_gmt":"2024-08-10T12:02:39","slug":"hkm-stopperitega-ratsmed-2","status":"publish","type":"product","link":"https:\/\/www.allforhorses.ee\/en\/toode\/hkm-stopperitega-ratsmed-2\/","title":{"rendered":"HKM Stopperitega Ratsmed"},"content":{"rendered":"","protected":false},"excerpt":{"rendered":"<p><strong>HKM Stopperitega Ratsmed<\/strong> on tugevad ja valmistatud kvaliteetsest nahast.<\/p>\n<p><em>LAOS Pony suuruses ratsmed.<\/em><br \/>\n<em>Tarne 10-14 t\u00f6\u00f6p\u00e4eva.<\/em><\/p>\n<p>&nbsp;<\/p>\n","protected":false},"featured_media":43105,"template":"","meta":[],"product_brand":[],"product_cat":[158,212,218,219],"product_tag":[],"class_list":{"0":"post-43096","1":"product","2":"type-product","3":"status-publish","4":"has-post-thumbnail","6":"product_cat-hobusele","7":"product_cat-valjad-ja-tarvikud","8":"product_cat-ratsmed","9":"product_cat-nahast-ratsmed","11":"first","12":"instock","13":"taxable","14":"shipping-taxable","15":"purchasable","16":"product-type-variable"},"_links":{"self":[{"href":"https:\/\/www.allforhorses.ee\/en\/wp-json\/wp\/v2\/product\/43096","targetHints":{"allow":["GET"]}}],"collection":[{"href":"https:\/\/www.allforhorses.ee\/en\/wp-json\/wp\/v2\/product"}],"about":[{"href":"https:\/\/www.allforhorses.ee\/en\/wp-json\/wp\/v2\/types\/product"}],"wp:featuredmedia":[{"embeddable":true,"href":"https:\/\/www.allforhorses.ee\/en\/wp-json\/wp\/v2\/media\/43105"}],"wp:attachment":[{"href":"https:\/\/www.allforhorses.ee\/en\/wp-json\/wp\/v2\/media?parent=43096"}],"wp:term":[{"taxonomy":"product_brand","embeddable":true,"href":"https:\/\/www.allforhorses.ee\/en\/wp-json\/wp\/v2\/product_brand?post=43096"},{"taxonomy":"product_cat","embeddable":true,"href":"https:\/\/www.allforhorses.ee\/en\/wp-json\/wp\/v2\/product_cat?post=43096"},{"taxonomy":"product_tag","embeddable":true,"href":"https:\/\/www.allforhorses.ee\/en\/wp-json\/wp\/v2\/product_tag?post=43096"}],"curies":[{"name":"wp","href":"https:\/\/api.w.org\/{rel}","templated":true}]}}