{"id":43073,"date":"2024-08-10T11:47:39","date_gmt":"2024-08-10T11:47:39","guid":{"rendered":"https:\/\/www.allforhorses.ee\/?post_type=product&#038;p=43073"},"modified":"2024-08-10T11:50:15","modified_gmt":"2024-08-10T11:50:15","slug":"hkm-funktsionaalne-ratsapluus-colour-breeze","status":"publish","type":"product","link":"https:\/\/www.allforhorses.ee\/en\/toode\/hkm-funktsionaalne-ratsapluus-colour-breeze\/","title":{"rendered":"HKM Funktsionaalne Ratsapluus &#8220;Colour Breeze&#8221;"},"content":{"rendered":"","protected":false},"excerpt":{"rendered":"<p><strong>HKM pikkade varrukatega ratsapluus <\/strong>&#8211; elastne, hingav(v\u00f5rkmaterjalist), taljesse t\u00f6\u00f6deldud.\u00a0<strong><br \/>\n<\/strong>Masinpestav 30 kraadiga. Sobib pesukuivatisse.<strong><br \/>\n<\/strong>Materjal: 100% pol\u00fceester.<strong><br \/>\n<\/strong><\/p>\n<p><em>Tarne 10-14 t\u00f6\u00f6p\u00e4eva.<\/em><\/p>\n","protected":false},"featured_media":43080,"template":"","meta":[],"product_brand":[],"product_cat":[109,125,127],"product_tag":[],"class_list":{"0":"post-43073","1":"product","2":"type-product","3":"status-publish","4":"has-post-thumbnail","6":"product_cat-ratsariided","7":"product_cat-ratsasargid-ja-pluusid","8":"product_cat-pikkade-varrukatega-ratsapluusid","10":"first","11":"instock","12":"taxable","13":"shipping-taxable","14":"purchasable","15":"product-type-variable"},"_links":{"self":[{"href":"https:\/\/www.allforhorses.ee\/en\/wp-json\/wp\/v2\/product\/43073","targetHints":{"allow":["GET"]}}],"collection":[{"href":"https:\/\/www.allforhorses.ee\/en\/wp-json\/wp\/v2\/product"}],"about":[{"href":"https:\/\/www.allforhorses.ee\/en\/wp-json\/wp\/v2\/types\/product"}],"wp:featuredmedia":[{"embeddable":true,"href":"https:\/\/www.allforhorses.ee\/en\/wp-json\/wp\/v2\/media\/43080"}],"wp:attachment":[{"href":"https:\/\/www.allforhorses.ee\/en\/wp-json\/wp\/v2\/media?parent=43073"}],"wp:term":[{"taxonomy":"product_brand","embeddable":true,"href":"https:\/\/www.allforhorses.ee\/en\/wp-json\/wp\/v2\/product_brand?post=43073"},{"taxonomy":"product_cat","embeddable":true,"href":"https:\/\/www.allforhorses.ee\/en\/wp-json\/wp\/v2\/product_cat?post=43073"},{"taxonomy":"product_tag","embeddable":true,"href":"https:\/\/www.allforhorses.ee\/en\/wp-json\/wp\/v2\/product_tag?post=43073"}],"curies":[{"name":"wp","href":"https:\/\/api.w.org\/{rel}","templated":true}]}}