{"id":40796,"date":"2024-06-14T07:43:40","date_gmt":"2024-06-14T07:43:40","guid":{"rendered":"https:\/\/www.allforhorses.ee\/?post_type=product&#038;p=40796"},"modified":"2024-06-17T08:59:38","modified_gmt":"2024-06-17T08:59:38","slug":"hkm-elastne-putukamask-elastic","status":"publish","type":"product","link":"https:\/\/www.allforhorses.ee\/en\/toode\/hkm-elastne-putukamask-elastic\/","title":{"rendered":"HKM Elastne Putukamask &#8220;Elastic&#8221;"},"content":{"rendered":"","protected":false},"excerpt":{"rendered":"<p><strong>HKM Elastne Putukamask\u00a0<\/strong>kaitseb hobuse n\u00e4gu k\u00e4rbeste ja teiste putukate eest. K\u00e4rbsemask kaitseb ka k\u00f5rvu. Ei vaju hobuse silmade peale. H\u00e4sti elastne, lihtsalt t\u00f5mba hobusele \u00fcle k\u00f5rvade mask p\u00e4he.<br \/>\nT\u00e4ielikult suletud. 100% kaitse igast nurgast.<br \/>\nMasinpestav 30 kraadise veeprogrammiga.<\/p>\n<p><em>K\u00e4rbsemask on ettetellimisel(tarne 10-14 t\u00f6\u00f6p\u00e4eva).<\/em><\/p>\n","protected":false},"featured_media":40816,"template":"","meta":[],"product_brand":[],"product_cat":[158,204,206],"product_tag":[],"class_list":{"0":"post-40796","1":"product","2":"type-product","3":"status-publish","4":"has-post-thumbnail","6":"product_cat-hobusele","7":"product_cat-putukatorje-vahendid","8":"product_cat-putukamaskid","10":"first","11":"instock","12":"featured","13":"taxable","14":"shipping-taxable","15":"purchasable","16":"product-type-variable"},"_links":{"self":[{"href":"https:\/\/www.allforhorses.ee\/en\/wp-json\/wp\/v2\/product\/40796","targetHints":{"allow":["GET"]}}],"collection":[{"href":"https:\/\/www.allforhorses.ee\/en\/wp-json\/wp\/v2\/product"}],"about":[{"href":"https:\/\/www.allforhorses.ee\/en\/wp-json\/wp\/v2\/types\/product"}],"wp:featuredmedia":[{"embeddable":true,"href":"https:\/\/www.allforhorses.ee\/en\/wp-json\/wp\/v2\/media\/40816"}],"wp:attachment":[{"href":"https:\/\/www.allforhorses.ee\/en\/wp-json\/wp\/v2\/media?parent=40796"}],"wp:term":[{"taxonomy":"product_brand","embeddable":true,"href":"https:\/\/www.allforhorses.ee\/en\/wp-json\/wp\/v2\/product_brand?post=40796"},{"taxonomy":"product_cat","embeddable":true,"href":"https:\/\/www.allforhorses.ee\/en\/wp-json\/wp\/v2\/product_cat?post=40796"},{"taxonomy":"product_tag","embeddable":true,"href":"https:\/\/www.allforhorses.ee\/en\/wp-json\/wp\/v2\/product_tag?post=40796"}],"curies":[{"name":"wp","href":"https:\/\/api.w.org\/{rel}","templated":true}]}}