{"id":4068,"date":"2019-03-21T08:38:39","date_gmt":"2019-03-21T08:38:39","guid":{"rendered":"https:\/\/www.allforhorses.ee\/?post_type=product&#038;p=4068"},"modified":"2024-03-02T12:31:45","modified_gmt":"2024-03-02T12:31:45","slug":"kabjaoli-pintsel-koos-topsiga","status":"publish","type":"product","link":"https:\/\/www.allforhorses.ee\/en\/toode\/kabjaoli-pintsel-koos-topsiga\/","title":{"rendered":"Kabja\u00f5li Pintsel Koos Topsiga"},"content":{"rendered":"","protected":false},"excerpt":{"rendered":"<p><strong>Kabja\u00f5li Pintsel Koos Topsiga<\/strong> on mugav vahend kabja\u00f5li ja -rasvade m\u00e4\u00e4rimiseks.<\/p>\n","protected":false},"featured_media":4073,"template":"","meta":[],"product_brand":[],"product_cat":[158,159,175,171],"product_tag":[],"class_list":{"0":"post-4068","1":"product","2":"type-product","3":"status-publish","4":"has-post-thumbnail","6":"product_cat-hobusele","7":"product_cat-hobuste-hooldusvahendid","8":"product_cat-kabjaoli-pintslid","9":"product_cat-saba-lakk-ja-karvkate","11":"first","12":"instock","13":"taxable","14":"shipping-taxable","15":"purchasable","16":"product-type-simple"},"_links":{"self":[{"href":"https:\/\/www.allforhorses.ee\/en\/wp-json\/wp\/v2\/product\/4068","targetHints":{"allow":["GET"]}}],"collection":[{"href":"https:\/\/www.allforhorses.ee\/en\/wp-json\/wp\/v2\/product"}],"about":[{"href":"https:\/\/www.allforhorses.ee\/en\/wp-json\/wp\/v2\/types\/product"}],"wp:featuredmedia":[{"embeddable":true,"href":"https:\/\/www.allforhorses.ee\/en\/wp-json\/wp\/v2\/media\/4073"}],"wp:attachment":[{"href":"https:\/\/www.allforhorses.ee\/en\/wp-json\/wp\/v2\/media?parent=4068"}],"wp:term":[{"taxonomy":"product_brand","embeddable":true,"href":"https:\/\/www.allforhorses.ee\/en\/wp-json\/wp\/v2\/product_brand?post=4068"},{"taxonomy":"product_cat","embeddable":true,"href":"https:\/\/www.allforhorses.ee\/en\/wp-json\/wp\/v2\/product_cat?post=4068"},{"taxonomy":"product_tag","embeddable":true,"href":"https:\/\/www.allforhorses.ee\/en\/wp-json\/wp\/v2\/product_tag?post=4068"}],"curies":[{"name":"wp","href":"https:\/\/api.w.org\/{rel}","templated":true}]}}