{"id":39457,"date":"2024-04-22T09:31:06","date_gmt":"2024-04-22T09:31:06","guid":{"rendered":"https:\/\/www.allforhorses.ee\/?post_type=product&#038;p=39457"},"modified":"2024-04-22T10:47:16","modified_gmt":"2024-04-22T10:47:16","slug":"hkm-dressipluus-survival","status":"publish","type":"product","link":"https:\/\/www.allforhorses.ee\/en\/toode\/hkm-dressipluus-survival\/","title":{"rendered":"HKM Dressipluus &#8220;Survival&#8221;"},"content":{"rendered":"","protected":false},"excerpt":{"rendered":"<p><strong>HKM Huudi <\/strong>on hingav ja mugav.<br \/>\nMasinpestav 30 kraadi juures.<br \/>\nMaterjal: 92% pol\u00fceester, 8% elastaan.<\/p>\n<p><em>Tarne 10-14 t\u00f6\u00f6p\u00e4eva.<\/em><\/p>\n","protected":false},"featured_media":39467,"template":"","meta":[],"product_brand":[],"product_cat":[109,125,127],"product_tag":[],"class_list":{"0":"post-39457","1":"product","2":"type-product","3":"status-publish","4":"has-post-thumbnail","6":"product_cat-ratsariided","7":"product_cat-ratsasargid-ja-pluusid","8":"product_cat-pikkade-varrukatega-ratsapluusid","10":"first","11":"instock","12":"taxable","13":"shipping-taxable","14":"purchasable","15":"product-type-variable"},"_links":{"self":[{"href":"https:\/\/www.allforhorses.ee\/en\/wp-json\/wp\/v2\/product\/39457","targetHints":{"allow":["GET"]}}],"collection":[{"href":"https:\/\/www.allforhorses.ee\/en\/wp-json\/wp\/v2\/product"}],"about":[{"href":"https:\/\/www.allforhorses.ee\/en\/wp-json\/wp\/v2\/types\/product"}],"wp:featuredmedia":[{"embeddable":true,"href":"https:\/\/www.allforhorses.ee\/en\/wp-json\/wp\/v2\/media\/39467"}],"wp:attachment":[{"href":"https:\/\/www.allforhorses.ee\/en\/wp-json\/wp\/v2\/media?parent=39457"}],"wp:term":[{"taxonomy":"product_brand","embeddable":true,"href":"https:\/\/www.allforhorses.ee\/en\/wp-json\/wp\/v2\/product_brand?post=39457"},{"taxonomy":"product_cat","embeddable":true,"href":"https:\/\/www.allforhorses.ee\/en\/wp-json\/wp\/v2\/product_cat?post=39457"},{"taxonomy":"product_tag","embeddable":true,"href":"https:\/\/www.allforhorses.ee\/en\/wp-json\/wp\/v2\/product_tag?post=39457"}],"curies":[{"name":"wp","href":"https:\/\/api.w.org\/{rel}","templated":true}]}}