{"id":39247,"date":"2024-04-18T09:41:08","date_gmt":"2024-04-18T09:41:08","guid":{"rendered":"https:\/\/www.allforhorses.ee\/?post_type=product&#038;p=39247"},"modified":"2024-04-18T09:47:41","modified_gmt":"2024-04-18T09:47:41","slug":"hkm-nahast-ratsasaapad-latinium-style-long-m","status":"publish","type":"product","link":"https:\/\/www.allforhorses.ee\/en\/toode\/hkm-nahast-ratsasaapad-latinium-style-long-m\/","title":{"rendered":"HKM Nahast Ratsasaapad &#8220;Latinium Style&#8221; long M"},"content":{"rendered":"","protected":false},"excerpt":{"rendered":"<p><strong>HKM Nahast Ratsasaapad(pikad)\u00a0<\/strong>on pehmest kvaliteetsest veisenahast,\u00a03 positsiooniga kannusetugi,\u00a0trukkidega kinnitused s\u00e4\u00e4re \u00fcla- ja alaosas, elastsed paelad jalapealsel,\u00a0m\u00f5lemal pool lukku on elastsed kummiribad, mis on v\u00e4ljaspoolt nahaga kaetud, sisek\u00fcljel on silikoongrippidega ribad.<br \/>\nV\u00e4rv: must.<\/p>\n<p>Lisatud m\u00f5\u00f5dutabel.<\/p>\n<p><em>HKM Ratsasaapad on ainult ettetellimisel(tarne u 10 t\u00f6\u00f6p\u00e4eva).<\/em><\/p>\n","protected":false},"featured_media":39222,"template":"","meta":[],"product_brand":[],"product_cat":[109,110,112],"product_tag":[],"class_list":{"0":"post-39247","1":"product","2":"type-product","3":"status-publish","4":"has-post-thumbnail","6":"product_cat-ratsariided","7":"product_cat-ratsasaapad","8":"product_cat-pikad-ratsasaapad","10":"first","11":"instock","12":"taxable","13":"shipping-taxable","14":"purchasable","15":"product-type-variable"},"_links":{"self":[{"href":"https:\/\/www.allforhorses.ee\/en\/wp-json\/wp\/v2\/product\/39247","targetHints":{"allow":["GET"]}}],"collection":[{"href":"https:\/\/www.allforhorses.ee\/en\/wp-json\/wp\/v2\/product"}],"about":[{"href":"https:\/\/www.allforhorses.ee\/en\/wp-json\/wp\/v2\/types\/product"}],"wp:featuredmedia":[{"embeddable":true,"href":"https:\/\/www.allforhorses.ee\/en\/wp-json\/wp\/v2\/media\/39222"}],"wp:attachment":[{"href":"https:\/\/www.allforhorses.ee\/en\/wp-json\/wp\/v2\/media?parent=39247"}],"wp:term":[{"taxonomy":"product_brand","embeddable":true,"href":"https:\/\/www.allforhorses.ee\/en\/wp-json\/wp\/v2\/product_brand?post=39247"},{"taxonomy":"product_cat","embeddable":true,"href":"https:\/\/www.allforhorses.ee\/en\/wp-json\/wp\/v2\/product_cat?post=39247"},{"taxonomy":"product_tag","embeddable":true,"href":"https:\/\/www.allforhorses.ee\/en\/wp-json\/wp\/v2\/product_tag?post=39247"}],"curies":[{"name":"wp","href":"https:\/\/api.w.org\/{rel}","templated":true}]}}