{"id":3906,"date":"2019-03-19T10:32:07","date_gmt":"2019-03-19T10:32:07","guid":{"rendered":"https:\/\/www.allforhorses.ee\/?post_type=product&#038;p=3906"},"modified":"2023-08-16T20:34:29","modified_gmt":"2023-08-16T20:34:29","slug":"helkur-rinnarihm","status":"publish","type":"product","link":"https:\/\/www.allforhorses.ee\/en\/toode\/helkur-rinnarihm\/","title":{"rendered":"Helkur-rinnarihm"},"content":{"rendered":"","protected":false},"excerpt":{"rendered":"<p><strong>Helkur-rinnarihm<\/strong>\u00a0on pimedas helkivate ribadega. Materjal: 100% pol\u00fcpropeen; seespool: 100% pol\u00fcester(fliis). On k\u00e4sitsi pestav. Suurus: Full.<\/p>\n","protected":false},"featured_media":3908,"template":"","meta":[],"product_brand":[],"product_cat":[158,190,191,195,254],"product_tag":[],"class_list":{"0":"post-3906","1":"product","2":"type-product","3":"status-publish","4":"has-post-thumbnail","6":"product_cat-hobusele","7":"product_cat-jalused-ja-jaluserihmad","8":"product_cat-jalused","9":"product_cat-jalusekummid","10":"product_cat-martingalid","12":"first","13":"instock","14":"taxable","15":"shipping-taxable","16":"purchasable","17":"product-type-simple"},"_links":{"self":[{"href":"https:\/\/www.allforhorses.ee\/en\/wp-json\/wp\/v2\/product\/3906","targetHints":{"allow":["GET"]}}],"collection":[{"href":"https:\/\/www.allforhorses.ee\/en\/wp-json\/wp\/v2\/product"}],"about":[{"href":"https:\/\/www.allforhorses.ee\/en\/wp-json\/wp\/v2\/types\/product"}],"wp:featuredmedia":[{"embeddable":true,"href":"https:\/\/www.allforhorses.ee\/en\/wp-json\/wp\/v2\/media\/3908"}],"wp:attachment":[{"href":"https:\/\/www.allforhorses.ee\/en\/wp-json\/wp\/v2\/media?parent=3906"}],"wp:term":[{"taxonomy":"product_brand","embeddable":true,"href":"https:\/\/www.allforhorses.ee\/en\/wp-json\/wp\/v2\/product_brand?post=3906"},{"taxonomy":"product_cat","embeddable":true,"href":"https:\/\/www.allforhorses.ee\/en\/wp-json\/wp\/v2\/product_cat?post=3906"},{"taxonomy":"product_tag","embeddable":true,"href":"https:\/\/www.allforhorses.ee\/en\/wp-json\/wp\/v2\/product_tag?post=3906"}],"curies":[{"name":"wp","href":"https:\/\/api.w.org\/{rel}","templated":true}]}}