{"id":39025,"date":"2024-04-09T19:06:03","date_gmt":"2024-04-09T19:06:03","guid":{"rendered":"https:\/\/www.allforhorses.ee\/?post_type=product&#038;p=39025"},"modified":"2024-12-07T08:49:55","modified_gmt":"2024-12-07T08:49:55","slug":"hkm-laste-ratsasaapad-cordoba-kids","status":"publish","type":"product","link":"https:\/\/www.allforhorses.ee\/en\/toode\/hkm-laste-ratsasaapad-cordoba-kids\/","title":{"rendered":"HKM Laste Ratsasaapad &#8220;C\u00f3rdoba Kids&#8221;"},"content":{"rendered":"","protected":false},"excerpt":{"rendered":"<p><strong>HKM Laste Nahast Ratsasaapad &#8220;<span class=\"base\" data-ui-id=\"page-title-wrapper\">Cordoba Kids<\/span>&#8221;\u00a0<\/strong>on anatoomilise kujuga, t\u00f5mblukk tagumisel poolel, trukkidega lisakinnitus, painduv ja mittelibisev kummitald.\u00a0Elastsed kummiribad luku \u00fchel pool.<br \/>\nV\u00e4rv: must<\/p>\n<p>Lisatud m\u00f5\u00f5dutabel.<\/p>\n<p><em>HKM Ratsasaapad &#8220;<span class=\"base\" data-ui-id=\"page-title-wrapper\">Cordoba Kids<\/span>&#8221; on ainult ettetellimisel(tarne u 10 t\u00f6\u00f6p\u00e4eva).<\/em><\/p>\n","protected":false},"featured_media":39033,"template":"","meta":[],"product_brand":[],"product_cat":[109,110,112],"product_tag":[],"class_list":{"0":"post-39025","1":"product","2":"type-product","3":"status-publish","4":"has-post-thumbnail","6":"product_cat-ratsariided","7":"product_cat-ratsasaapad","8":"product_cat-pikad-ratsasaapad","10":"first","11":"instock","12":"taxable","13":"shipping-taxable","14":"purchasable","15":"product-type-variable"},"_links":{"self":[{"href":"https:\/\/www.allforhorses.ee\/en\/wp-json\/wp\/v2\/product\/39025","targetHints":{"allow":["GET"]}}],"collection":[{"href":"https:\/\/www.allforhorses.ee\/en\/wp-json\/wp\/v2\/product"}],"about":[{"href":"https:\/\/www.allforhorses.ee\/en\/wp-json\/wp\/v2\/types\/product"}],"wp:featuredmedia":[{"embeddable":true,"href":"https:\/\/www.allforhorses.ee\/en\/wp-json\/wp\/v2\/media\/39033"}],"wp:attachment":[{"href":"https:\/\/www.allforhorses.ee\/en\/wp-json\/wp\/v2\/media?parent=39025"}],"wp:term":[{"taxonomy":"product_brand","embeddable":true,"href":"https:\/\/www.allforhorses.ee\/en\/wp-json\/wp\/v2\/product_brand?post=39025"},{"taxonomy":"product_cat","embeddable":true,"href":"https:\/\/www.allforhorses.ee\/en\/wp-json\/wp\/v2\/product_cat?post=39025"},{"taxonomy":"product_tag","embeddable":true,"href":"https:\/\/www.allforhorses.ee\/en\/wp-json\/wp\/v2\/product_tag?post=39025"}],"curies":[{"name":"wp","href":"https:\/\/api.w.org\/{rel}","templated":true}]}}