{"id":38681,"date":"2024-04-08T10:49:31","date_gmt":"2024-04-08T10:49:31","guid":{"rendered":"https:\/\/www.allforhorses.ee\/?post_type=product&#038;p=38681"},"modified":"2024-04-08T11:00:36","modified_gmt":"2024-04-08T11:00:36","slug":"trm-staysound-15kg","status":"publish","type":"product","link":"https:\/\/www.allforhorses.ee\/en\/toode\/trm-staysound-15kg\/","title":{"rendered":"TRM Staysound 1,5kg"},"content":{"rendered":"<p><strong>KOOSTIS<\/strong><br \/>\nKaoliin, naatriumboraat, gl\u00fctseriin, t\u00fc\u00fcmiani\u00f5li, puhastatud vesi.<\/p>\n","protected":false},"excerpt":{"rendered":"<p><strong>TRM Staysound<\/strong>\u00a0&#8211;\u00a0Jahutava ja rahustava toimega savi hobuste jalgadele.<br \/>\nSTAYSOUNDil on v\u00e4ga t\u00f5hus jahutav toime, mis on v\u00e4ga kasulik kuumadele v\u00e4sinud jalgadele, eriti rasketel treening- ja v\u00f5istlusaegadel.\u00a0STAYSOUNDil on ainulaadne valem, mida saab ohutult kasutada v\u00e4iksemate sissel\u00f5igete ja marrastuste korral. STAYSOUNDi saab kasutada kuni v\u00f5istlusp\u00e4evani ja selle kasutamist saab j\u00e4tkata nii kaua kui vaja. Selle toote kasutamine ei ole vastuolus v\u00f5istlus reeglitega.<\/p>\n<p>\u2022 Kasutusvalmis, lihtne peale kanda.<\/p>\n<p>\u2022 Ohutu, kiiretoimeline, jahutav.<\/p>\n<p>\u2022 Rutiinseks kasutamiseks pole vaja m\u00e4hkida ega siduda.<\/p>\n<p>\u2022 Loodusliku t\u00fc\u00fcmiani\u00f5liga.<\/p>\n<p>\u2022 Jahutab, rahustab ja pinguldab kuumalt v\u00e4sinud jalgu.<\/p>\n<p><em>Kasutamine<br \/>\n<\/em>STAYSOUND on otse pakendist v\u00f5etuna valmis kasutamiseks ning seda on kerge peale m\u00e4\u00e4rida. Savil on k\u00f5rgekvaliteediline pikatoimeline koostis, seda ei tule katta m\u00e4hise v\u00f5i sidemega ja seda on lihtne maha pesta.<br \/>\nIgap\u00e4evane kasutamine &#8211; M\u00e4\u00e4rida p\u00f5lvedele, kannaliigestele, s\u00e4\u00e4rtele ja k\u00f5\u00f5lustele \u00fchtlaselt umbes 6 mm paksuse kihina p\u00e4rast treeningut.<br \/>\nPikemaajalise toime saavutamiseks &#8211; M\u00e4hkige m\u00e4\u00e4ritud piirkondade \u00fcmber niisutatud pruuni paberit ja sidet. Korrake vajadusel 24 tunni p\u00e4rast.<br \/>\nEemaldamine &#8211; pesta veega.<\/p>\n<p>&nbsp;<\/p>\n","protected":false},"featured_media":38694,"template":"","meta":[],"product_brand":[],"product_cat":[259],"product_tag":[],"class_list":{"0":"post-38681","1":"product","2":"type-product","3":"status-publish","4":"has-post-thumbnail","6":"product_cat-hobuste-tervisehoid","8":"first","9":"instock","10":"taxable","11":"shipping-taxable","12":"purchasable","13":"product-type-simple"},"_links":{"self":[{"href":"https:\/\/www.allforhorses.ee\/en\/wp-json\/wp\/v2\/product\/38681","targetHints":{"allow":["GET"]}}],"collection":[{"href":"https:\/\/www.allforhorses.ee\/en\/wp-json\/wp\/v2\/product"}],"about":[{"href":"https:\/\/www.allforhorses.ee\/en\/wp-json\/wp\/v2\/types\/product"}],"wp:featuredmedia":[{"embeddable":true,"href":"https:\/\/www.allforhorses.ee\/en\/wp-json\/wp\/v2\/media\/38694"}],"wp:attachment":[{"href":"https:\/\/www.allforhorses.ee\/en\/wp-json\/wp\/v2\/media?parent=38681"}],"wp:term":[{"taxonomy":"product_brand","embeddable":true,"href":"https:\/\/www.allforhorses.ee\/en\/wp-json\/wp\/v2\/product_brand?post=38681"},{"taxonomy":"product_cat","embeddable":true,"href":"https:\/\/www.allforhorses.ee\/en\/wp-json\/wp\/v2\/product_cat?post=38681"},{"taxonomy":"product_tag","embeddable":true,"href":"https:\/\/www.allforhorses.ee\/en\/wp-json\/wp\/v2\/product_tag?post=38681"}],"curies":[{"name":"wp","href":"https:\/\/api.w.org\/{rel}","templated":true}]}}