{"id":38673,"date":"2024-04-08T10:41:35","date_gmt":"2024-04-08T10:41:35","guid":{"rendered":"https:\/\/www.allforhorses.ee\/?post_type=product&#038;p=38673"},"modified":"2024-04-08T10:47:12","modified_gmt":"2024-04-08T10:47:12","slug":"trm-speedxcell-375l","status":"publish","type":"product","link":"https:\/\/www.allforhorses.ee\/en\/toode\/trm-speedxcell-375l\/","title":{"rendered":"TRM SpeedXCell 3,75L"},"content":{"rendered":"<p><em>KOOSTIS<\/em><br \/>\nDekstriin, sorbitool, dekstroos.<\/p>\n<p><em>S\u00d6\u00d6DALISANDID<\/em><\/p>\n<p>Lisatud toitainelised lisandid:<\/p>\n<table>\n<tbody>\n<tr>\n<td>Koostis<\/td>\n<td>60ml<\/td>\n<td>1000ml<\/td>\n<\/tr>\n<tr>\n<td>Vitamiinid<\/td>\n<td><\/td>\n<td><\/td>\n<\/tr>\n<tr>\n<td>Vitamiin A<\/td>\n<td>40000 I.U<\/td>\n<td>666667 I.U<\/td>\n<\/tr>\n<tr>\n<td>Vitamiin D3 E671<\/td>\n<td>6500 I.U<\/td>\n<td>108333 I.U<\/td>\n<\/tr>\n<tr>\n<td>Vitamiin E<\/td>\n<td>800 I.U<\/td>\n<td>13333 I.U<\/td>\n<\/tr>\n<tr>\n<td>Vitamiin K<\/td>\n<td>10 mg<\/td>\n<td>167 mg<\/td>\n<\/tr>\n<tr>\n<td>Vitamiin B1<\/td>\n<td>70 mg<\/td>\n<td>1167 mg<\/td>\n<\/tr>\n<tr>\n<td>Vitamiin B2<\/td>\n<td>60mg<\/td>\n<td>1000 mg<\/td>\n<\/tr>\n<tr>\n<td>Vitamiin B6<\/td>\n<td>30mg<\/td>\n<td>500 mg<\/td>\n<\/tr>\n<tr>\n<td>Vitamiin B12<\/td>\n<td>120 mcg<\/td>\n<td>2000 mcg<\/td>\n<\/tr>\n<tr>\n<td>Biotiin<\/td>\n<td>1,5mg<\/td>\n<td>25 mg<\/td>\n<\/tr>\n<tr>\n<td>Foolhape<\/td>\n<td>50 mg<\/td>\n<td>833 mg<\/td>\n<\/tr>\n<tr>\n<td>Pantoteenhape<\/td>\n<td>60 mg<\/td>\n<td>1000 mg<\/td>\n<\/tr>\n<tr>\n<td>Niatsiinamiid<\/td>\n<td>150 mg<\/td>\n<td>2500 mg<\/td>\n<\/tr>\n<tr>\n<td>Mikroelemendid<\/td>\n<td><\/td>\n<td><\/td>\n<\/tr>\n<tr>\n<td>Raud E1 ( raudtsitraat)<\/td>\n<td>100 mg<\/td>\n<td>1667 mg<\/td>\n<\/tr>\n<tr>\n<td>Mangaan E4 ( mangaankarbonaat \/ gl\u00fckonaat)<\/td>\n<td>200 mg<\/td>\n<td>3333 mg<\/td>\n<\/tr>\n<tr>\n<td>Vask E4 ( vasksulfaat)<\/td>\n<td>60 mg<\/td>\n<td>1000 mg<\/td>\n<\/tr>\n<tr>\n<td>Tsink E6 ( tsinkoksiid \/ gl\u00fckonaat)<\/td>\n<td>225 mg<\/td>\n<td>3750 mg<\/td>\n<\/tr>\n<tr>\n<td>Jood E2 ( naatriumjodiid)<\/td>\n<td>3 mg<\/td>\n<td>50 mg<\/td>\n<\/tr>\n<tr>\n<td>Koobalt E3 ( koobaltsulfaat)<\/td>\n<td>1,5 mg<\/td>\n<td>25 mg<\/td>\n<\/tr>\n<tr>\n<td>Seleen E8 ( naatriumselenit)<\/td>\n<td>0,4 mg<\/td>\n<td>6,67 mg<\/td>\n<\/tr>\n<tr>\n<td>Emulgaatorid<\/td>\n<td><\/td>\n<td><\/td>\n<\/tr>\n<tr>\n<td>Pol\u00fcsorbaat 80 E433<\/td>\n<td>1693mg<\/td>\n<td>28217 mg<\/td>\n<\/tr>\n<\/tbody>\n<\/table>\n","protected":false},"excerpt":{"rendered":"<p><strong>TRM SpeedXCell 3,75L<\/strong> &#8211; t\u00e4iends\u00f6\u00f6t hobustele.<br \/>\nSpeedxcell on igap\u00e4evane vitamiine ja mineraale sisaldav t\u00e4iends\u00f6\u00f6t hobustele. Soovitatav kasutada:<\/p>\n<ul>\n<li>Hobustel, kelle ratsioonis on k\u00f5rge teravilja sisaldus.<\/li>\n<li>Karjamaal olevad hobused.<\/li>\n<li>Treenitavad hobused kellel on suurenenud vajadus toitainete j\u00e4rele.<\/li>\n<li>Tagamaks noorhobuste ja ponide \u00f5ige arengu.<\/li>\n<\/ul>\n<p><em>Kasutamine<\/em><br \/>\nSegada s\u00f6\u00f6da hulka. Doseerida individuaalselt.<br \/>\nHobune: 60 ml p\u00e4evas<br \/>\nPoni, varss: 30 ml p\u00e4evas<br \/>\n\u00dcks pumbavajutus vastab ligikaudu 30ml.<\/p>\n","protected":false},"featured_media":38678,"template":"","meta":[],"product_brand":[],"product_cat":[259],"product_tag":[],"class_list":{"0":"post-38673","1":"product","2":"type-product","3":"status-publish","4":"has-post-thumbnail","6":"product_cat-hobuste-tervisehoid","8":"first","9":"instock","10":"taxable","11":"shipping-taxable","12":"purchasable","13":"product-type-simple"},"_links":{"self":[{"href":"https:\/\/www.allforhorses.ee\/en\/wp-json\/wp\/v2\/product\/38673","targetHints":{"allow":["GET"]}}],"collection":[{"href":"https:\/\/www.allforhorses.ee\/en\/wp-json\/wp\/v2\/product"}],"about":[{"href":"https:\/\/www.allforhorses.ee\/en\/wp-json\/wp\/v2\/types\/product"}],"wp:featuredmedia":[{"embeddable":true,"href":"https:\/\/www.allforhorses.ee\/en\/wp-json\/wp\/v2\/media\/38678"}],"wp:attachment":[{"href":"https:\/\/www.allforhorses.ee\/en\/wp-json\/wp\/v2\/media?parent=38673"}],"wp:term":[{"taxonomy":"product_brand","embeddable":true,"href":"https:\/\/www.allforhorses.ee\/en\/wp-json\/wp\/v2\/product_brand?post=38673"},{"taxonomy":"product_cat","embeddable":true,"href":"https:\/\/www.allforhorses.ee\/en\/wp-json\/wp\/v2\/product_cat?post=38673"},{"taxonomy":"product_tag","embeddable":true,"href":"https:\/\/www.allforhorses.ee\/en\/wp-json\/wp\/v2\/product_tag?post=38673"}],"curies":[{"name":"wp","href":"https:\/\/api.w.org\/{rel}","templated":true}]}}