{"id":38667,"date":"2024-04-08T10:30:20","date_gmt":"2024-04-08T10:30:20","guid":{"rendered":"https:\/\/www.allforhorses.ee\/?post_type=product&#038;p=38667"},"modified":"2024-04-08T10:37:19","modified_gmt":"2024-04-08T10:37:19","slug":"trm-garlic-powder-1kg","status":"publish","type":"product","link":"https:\/\/www.allforhorses.ee\/en\/toode\/trm-garlic-powder-1kg\/","title":{"rendered":"TRM Garlic Powder 1kg"},"content":{"rendered":"","protected":false},"excerpt":{"rendered":"<p><strong>TRM\u02bcs Garlic Powder(1kg)<\/strong> is widely recommended for its health giving properties, to keep your horse in top condition. It will also add flavour to a horse\u02bcs feed.<\/p>\n<table id=\"product-attribute-specs-table\" class=\"data table additional-attributes\">\n<tbody>\n<tr>\n<th class=\"col label\" scope=\"row\">Ingredients<\/th>\n<td class=\"col data\" data-th=\"Ingredients\">100% Pure Dehydrated Garlic Powder<\/td>\n<\/tr>\n<\/tbody>\n<\/table>\n<p>Feeding information: for horse and pony 20-40g per day.<\/p>\n<p>Kasutamine: hobused ja ponid 20-40g p\u00e4evas(1-2 m\u00f5\u00f5telusikat).<\/p>\n","protected":false},"featured_media":38668,"template":"","meta":[],"product_brand":[],"product_cat":[259],"product_tag":[],"class_list":{"0":"post-38667","1":"product","2":"type-product","3":"status-publish","4":"has-post-thumbnail","6":"product_cat-hobuste-tervisehoid","8":"first","9":"instock","10":"taxable","11":"shipping-taxable","12":"purchasable","13":"product-type-simple"},"_links":{"self":[{"href":"https:\/\/www.allforhorses.ee\/en\/wp-json\/wp\/v2\/product\/38667","targetHints":{"allow":["GET"]}}],"collection":[{"href":"https:\/\/www.allforhorses.ee\/en\/wp-json\/wp\/v2\/product"}],"about":[{"href":"https:\/\/www.allforhorses.ee\/en\/wp-json\/wp\/v2\/types\/product"}],"wp:featuredmedia":[{"embeddable":true,"href":"https:\/\/www.allforhorses.ee\/en\/wp-json\/wp\/v2\/media\/38668"}],"wp:attachment":[{"href":"https:\/\/www.allforhorses.ee\/en\/wp-json\/wp\/v2\/media?parent=38667"}],"wp:term":[{"taxonomy":"product_brand","embeddable":true,"href":"https:\/\/www.allforhorses.ee\/en\/wp-json\/wp\/v2\/product_brand?post=38667"},{"taxonomy":"product_cat","embeddable":true,"href":"https:\/\/www.allforhorses.ee\/en\/wp-json\/wp\/v2\/product_cat?post=38667"},{"taxonomy":"product_tag","embeddable":true,"href":"https:\/\/www.allforhorses.ee\/en\/wp-json\/wp\/v2\/product_tag?post=38667"}],"curies":[{"name":"wp","href":"https:\/\/api.w.org\/{rel}","templated":true}]}}