{"id":3862,"date":"2019-03-13T15:39:59","date_gmt":"2019-03-13T15:39:59","guid":{"rendered":"https:\/\/www.allforhorses.ee\/?post_type=product&#038;p=3862"},"modified":"2025-02-27T14:07:28","modified_gmt":"2025-02-27T14:07:28","slug":"kordedelta","status":"publish","type":"product","link":"https:\/\/www.allforhorses.ee\/en\/toode\/kordedelta\/","title":{"rendered":"Kordedelta"},"content":{"rendered":"","protected":false},"excerpt":{"rendered":"<p><strong>Kordedelta<\/strong>\u00a0tagab korde \u00fctlase surve m\u00f5lemale suupoolele, annab hobuse \u00fcle suurema kontrolli. Keerlev aas kordele. Materjal: 100% pol\u00fcpropeen.<\/p>\n<p>V\u00e4rv: pruun.<\/p>\n","protected":false},"featured_media":3863,"template":"","meta":[],"product_brand":[],"product_cat":[158,253,257],"product_tag":[],"class_list":{"0":"post-3862","1":"product","2":"type-product","3":"status-publish","4":"has-post-thumbnail","6":"product_cat-hobusele","7":"product_cat-kordetamise-vahendid","8":"product_cat-kordedeltad","10":"first","11":"instock","12":"taxable","13":"shipping-taxable","14":"purchasable","15":"product-type-simple"},"_links":{"self":[{"href":"https:\/\/www.allforhorses.ee\/en\/wp-json\/wp\/v2\/product\/3862","targetHints":{"allow":["GET"]}}],"collection":[{"href":"https:\/\/www.allforhorses.ee\/en\/wp-json\/wp\/v2\/product"}],"about":[{"href":"https:\/\/www.allforhorses.ee\/en\/wp-json\/wp\/v2\/types\/product"}],"wp:featuredmedia":[{"embeddable":true,"href":"https:\/\/www.allforhorses.ee\/en\/wp-json\/wp\/v2\/media\/3863"}],"wp:attachment":[{"href":"https:\/\/www.allforhorses.ee\/en\/wp-json\/wp\/v2\/media?parent=3862"}],"wp:term":[{"taxonomy":"product_brand","embeddable":true,"href":"https:\/\/www.allforhorses.ee\/en\/wp-json\/wp\/v2\/product_brand?post=3862"},{"taxonomy":"product_cat","embeddable":true,"href":"https:\/\/www.allforhorses.ee\/en\/wp-json\/wp\/v2\/product_cat?post=3862"},{"taxonomy":"product_tag","embeddable":true,"href":"https:\/\/www.allforhorses.ee\/en\/wp-json\/wp\/v2\/product_tag?post=3862"}],"curies":[{"name":"wp","href":"https:\/\/api.w.org\/{rel}","templated":true}]}}