{"id":38359,"date":"2024-03-31T18:22:56","date_gmt":"2024-03-31T18:22:56","guid":{"rendered":"https:\/\/www.allforhorses.ee\/?post_type=product&#038;p=38359"},"modified":"2024-04-21T13:35:29","modified_gmt":"2024-04-21T13:35:29","slug":"hkm-t-sark-uv-mesh","status":"publish","type":"product","link":"https:\/\/www.allforhorses.ee\/en\/toode\/hkm-t-sark-uv-mesh\/","title":{"rendered":"HKM T-S\u00e4rk &#8220;UV &#038; Mesh&#8221;"},"content":{"rendered":"","protected":false},"excerpt":{"rendered":"<p><strong>HKM T-S\u00e4rk<\/strong>\u00a0on hingav ja hea \u00f5huvahetusega, taljesse t\u00f6\u00f6deldud. UV kaitsega t-s\u00e4rk\u00a099,19% UVA ja 99.62%\u00a0 UVB-kiirguse eest (UV-faktor 50+). Ideaalne suvel ratsautamiseks v\u00f5i tallis toimetamiseks.<br \/>\nMaterjal: 100% pol\u00fceester.<\/p>\n<p><em>Tarne 10-14 t\u00f6\u00f6p\u00e4eva.<\/em><\/p>\n","protected":false},"featured_media":38370,"template":"","meta":[],"product_brand":[],"product_cat":[109,125,126],"product_tag":[],"class_list":{"0":"post-38359","1":"product","2":"type-product","3":"status-publish","4":"has-post-thumbnail","6":"product_cat-ratsariided","7":"product_cat-ratsasargid-ja-pluusid","8":"product_cat-t-sargid","10":"first","11":"instock","12":"taxable","13":"shipping-taxable","14":"purchasable","15":"product-type-variable"},"_links":{"self":[{"href":"https:\/\/www.allforhorses.ee\/en\/wp-json\/wp\/v2\/product\/38359","targetHints":{"allow":["GET"]}}],"collection":[{"href":"https:\/\/www.allforhorses.ee\/en\/wp-json\/wp\/v2\/product"}],"about":[{"href":"https:\/\/www.allforhorses.ee\/en\/wp-json\/wp\/v2\/types\/product"}],"wp:featuredmedia":[{"embeddable":true,"href":"https:\/\/www.allforhorses.ee\/en\/wp-json\/wp\/v2\/media\/38370"}],"wp:attachment":[{"href":"https:\/\/www.allforhorses.ee\/en\/wp-json\/wp\/v2\/media?parent=38359"}],"wp:term":[{"taxonomy":"product_brand","embeddable":true,"href":"https:\/\/www.allforhorses.ee\/en\/wp-json\/wp\/v2\/product_brand?post=38359"},{"taxonomy":"product_cat","embeddable":true,"href":"https:\/\/www.allforhorses.ee\/en\/wp-json\/wp\/v2\/product_cat?post=38359"},{"taxonomy":"product_tag","embeddable":true,"href":"https:\/\/www.allforhorses.ee\/en\/wp-json\/wp\/v2\/product_tag?post=38359"}],"curies":[{"name":"wp","href":"https:\/\/api.w.org\/{rel}","templated":true}]}}