{"id":35898,"date":"2024-02-11T15:31:32","date_gmt":"2024-02-11T15:31:32","guid":{"rendered":"https:\/\/www.allforhorses.ee\/?post_type=product&#038;p=35898"},"modified":"2025-02-23T11:56:09","modified_gmt":"2025-02-23T11:56:09","slug":"rippuv-paberist-ohuvarskendaja","status":"publish","type":"product","link":"https:\/\/www.allforhorses.ee\/en\/toode\/rippuv-paberist-ohuvarskendaja\/","title":{"rendered":"Rippuv Paberist \u00d5huv\u00e4rskendaja"},"content":{"rendered":"<p>Iga m\u00f5te, iga lugu, iga s\u00fcndmus j\u00e4\u00e4dvustatakse k\u00f5igepealt paberilehele. Just nii nagu meie valitud l\u00f5hnakompositsioonid. Paberist \u00f5huv\u00e4rskendaja on rikastatud luksuslike aroomidega. Nende l\u00f5hn on piisav, et seda nautida isegi kuni 20 p\u00e4eva! \u00d5huv\u00e4rskendajat saab \u00fcles riputada. Seega ei r\u00f5\u00f5musta see peeglile riputatuna mitte ainult silma oma unikaalsusega, vaid hellitab ka k\u00f5iki oma parimate tugevate l\u00f5hnadega. Intensiivsemaid aroome on tunda siis, kui autos on rohkem \u00f5hu liikumist. Riputatava \u00f5huv\u00e4rskendaja ettevalmistamine on v\u00e4ga lihtne \u2013 tuleb avada kott pakendil m\u00e4rgitud m\u00e4rgistuse juures, v\u00f5tta \u00f5huv\u00e4rskendaja n\u00f6\u00f6rist t\u00f5mmates v\u00e4lja ja seej\u00e4rel riputada see peegli k\u00fclge. Pidage meeles, et toode tuleb v\u00e4lja v\u00f5tta ettevaatlikult ja aeglaselt, et v\u00e4ltida selle kokkupuudet teiste pindadega. Kui siis \u00f5huv\u00e4rskendaja on juba peeglile riputatud ja r\u00f5\u00f5mustab teid oma aroomidega, j\u00e4\u00e4b \u00fcle vaid end mugavalt juhiistmele s\u00e4ttida ja p\u00e4rast auto k\u00e4ivitamist kogeda uue teekonna algust!<\/p>\n<p><strong>Diamond(Elite)<br \/>\n<\/strong><\/p>\n<table id=\"custom_attributes\" class=\"full-specifications\">\n<tbody>\n<tr>\n<td class=\"fw6\">Tipunoodid:<\/td>\n<td>sidrun, meresoola n\u00fcansid, neroli, virsik ja maasikas.<\/td>\n<\/tr>\n<tr>\n<td class=\"fw6\">S\u00fcdamenoodid:<\/td>\n<td>jasmiini, ilang, tuberoos, alpikann ja muskaatsalvei.<\/td>\n<\/tr>\n<tr>\n<td class=\"fw6\">P\u00f5hinoodid:<\/td>\n<td>nahk, sandlipuu, merevaik, pat\u0161uli, seemisnaha noodid ja vanilje.<\/td>\n<\/tr>\n<\/tbody>\n<\/table>\n<p><strong>Delave(Elite)<\/strong><\/p>\n<table id=\"custom_attributes\" class=\"full-specifications\">\n<tbody>\n<tr>\n<td class=\"fw6\">Tipunoodid:<\/td>\n<td>musts\u00f5star, apelsin<\/td>\n<\/tr>\n<tr>\n<td class=\"fw6\">S\u00fcdamenoodid:<\/td>\n<td>pat\u0161uli, vaarikas, maikelluke, roos<\/td>\n<\/tr>\n<tr>\n<td class=\"fw6\">P\u00f5hinoodid:<\/td>\n<td>palsaminoodid, karamell, merevaik<\/td>\n<\/tr>\n<\/tbody>\n<\/table>\n<p><strong>Black Grapes(Elite)<\/strong><\/p>\n<table id=\"custom_attributes\" class=\"full-specifications\">\n<tbody>\n<tr>\n<td class=\"fw6\">Tipunoodid<\/td>\n<td>K\u00fcpsete mustade viinamarjade aroom<\/td>\n<\/tr>\n<\/tbody>\n<\/table>\n<p><strong>Ohena(Gold)<\/strong><\/p>\n<table id=\"custom_attributes\" class=\"full-specifications\">\n<tbody>\n<tr>\n<td class=\"fw6\">Tipunoodid<\/td>\n<td>apelsini\u00f5is ja jasmiin.<\/td>\n<\/tr>\n<tr>\n<td class=\"fw6\">S\u00fcdamenoodid<\/td>\n<td>musts\u00f5star ja pirn<\/td>\n<\/tr>\n<tr>\n<td class=\"fw6\">P\u00f5hinoodid<\/td>\n<td>vanilje ja mandel<\/td>\n<\/tr>\n<\/tbody>\n<\/table>\n<p><em>Komponendid:<\/em>Benzyl salicylate, Linalool, d-Limonene, 1,3-Benzodioxole-5-Propanal, .Alpha.-Methyl-, 3,7-dimethylnona-1,6-dien-3-ol, \u03b1-hexylcinnamaldehyde.<\/p>\n<p><em>T\u00e4helepanu!<\/em>\u00a0Hoida lastele k\u00e4ttesaamatus kohas. V\u00f5ib p\u00f5hjustada allergiat. Kui toode puutub kokku silmade v\u00f5i nahaga, loputage kohe suure koguse veega. Vajadusel p\u00f6\u00f6rduge arsti poole. Kui on vaja arsti konsultatsiooni, v\u00f5tke toote etikett kaasa. V\u00e4ltige toote sattumist keskkonda. Tootja ei vastuta kahjustuste eest, mis v\u00f5ivad tekkida selle toote v\u00e4\u00e4rkasutamise tagaj\u00e4rjel.<\/p>\n","protected":false},"excerpt":{"rendered":"<p><strong>Aromatic89 Rippuv Paberist \u00d5huv\u00e4rskendaja\u00a0<\/strong><\/p>\n<p>Elu on teekond k\u00f5ige meeldej\u00e4\u00e4vamate hetkedega. Rikastatud aromaatsete l\u00f5hnan\u00fcanssidega muutub see veelgi meeldivamaks.<\/p>\n<p>Efektiivsus: tugev ja kauakestev l\u00f5hn kuni 20 p\u00e4eva.<\/p>\n<p><em>L\u00fchidalt riputatava paberist \u00f5huv\u00e4rskendaja kohta:\u00a0<\/em><br \/>\nKontsentreeritud l\u00f5hn.<br \/>\nValmistatud paberist, \u00fchekordselt kasutatav.<br \/>\nIntensiivsemalt on l\u00f5hnu tunda, kui \u00f5hk liigub.<br \/>\nIntensiivsed l\u00f5hnad, mis kestavad kuni 20 p\u00e4eva.<br \/>\nPakitud musta pakendisse.<br \/>\nValmistatud Leedus.<\/p>\n<p>&nbsp;<\/p>\n<p>&nbsp;<\/p>\n","protected":false},"featured_media":35903,"template":"","meta":[],"product_brand":[],"product_cat":[1165],"product_tag":[],"class_list":{"0":"post-35898","1":"product","2":"type-product","3":"status-publish","4":"has-post-thumbnail","6":"product_cat-aromatic89","8":"first","9":"instock","10":"taxable","11":"shipping-taxable","12":"purchasable","13":"product-type-variable"},"_links":{"self":[{"href":"https:\/\/www.allforhorses.ee\/en\/wp-json\/wp\/v2\/product\/35898","targetHints":{"allow":["GET"]}}],"collection":[{"href":"https:\/\/www.allforhorses.ee\/en\/wp-json\/wp\/v2\/product"}],"about":[{"href":"https:\/\/www.allforhorses.ee\/en\/wp-json\/wp\/v2\/types\/product"}],"wp:featuredmedia":[{"embeddable":true,"href":"https:\/\/www.allforhorses.ee\/en\/wp-json\/wp\/v2\/media\/35903"}],"wp:attachment":[{"href":"https:\/\/www.allforhorses.ee\/en\/wp-json\/wp\/v2\/media?parent=35898"}],"wp:term":[{"taxonomy":"product_brand","embeddable":true,"href":"https:\/\/www.allforhorses.ee\/en\/wp-json\/wp\/v2\/product_brand?post=35898"},{"taxonomy":"product_cat","embeddable":true,"href":"https:\/\/www.allforhorses.ee\/en\/wp-json\/wp\/v2\/product_cat?post=35898"},{"taxonomy":"product_tag","embeddable":true,"href":"https:\/\/www.allforhorses.ee\/en\/wp-json\/wp\/v2\/product_tag?post=35898"}],"curies":[{"name":"wp","href":"https:\/\/api.w.org\/{rel}","templated":true}]}}