{"id":35885,"date":"2024-02-11T15:26:07","date_gmt":"2024-02-11T15:26:07","guid":{"rendered":"https:\/\/www.allforhorses.ee\/?post_type=product&#038;p=35885"},"modified":"2024-06-24T16:20:44","modified_gmt":"2024-06-24T16:20:44","slug":"auto-ohuvarskendaja-ventilatsiooniklamber","status":"publish","type":"product","link":"https:\/\/www.allforhorses.ee\/en\/toode\/auto-ohuvarskendaja-ventilatsiooniklamber\/","title":{"rendered":"Auto \u00d5huv\u00e4rskendaja Ventilatsiooniklamber"},"content":{"rendered":"<p>Luksuslikkus ja eksklusiivsus on omadused, mis iseloomustavad 12 populaarsest l\u00f5hnast koosnevat Aromatic \u202289\u2022 \u00f5huv\u00e4rskendajate komplekti sinu auto jaoks. Minimalistliku disainiga \u00f5huv\u00e4rskendaja on elegantne interj\u00f6\u00f6ri kaunistus, mis levitab valitud l\u00f5hnu kuni 30 p\u00e4eva! Eksklusiivseid aroome on tunda kohe, kui \u00f5huv\u00e4rskendaja sisestatakse ventilatsiooniavadesse. Sooja \u00f5huvoolu sissel\u00fclitamisel aroom v\u00f5imendub. Metallist hoidik on korduvkasutatav, kui \u00fcks l\u00f5hn otsa saab, saad selle kohe uue vastu v\u00e4lja vahetada. Komplekt sisaldab 12 k\u00f5ige populaarsemat Aromatic \u202289\u2022 l\u00f5hna, mille muljetavaldavaid aroome saad nautida iga kuu. See luksuslik kingitus r\u00f5\u00f5mustab sind aastaringselt!<\/p>\n<p><em>Komplekti kuuluvad j\u00e4rgmised l\u00f5hnad:<\/em><strong><br \/>\n<\/strong>By Design<br \/>\nOld Million<br \/>\nDiamond<br \/>\nPomegranate<br \/>\nInfinity Flow<br \/>\nBrasilia<br \/>\nMajesty<br \/>\nBlack Grapes<br \/>\nDore<br \/>\nInoop<br \/>\nBlue Night<br \/>\nInstinct<\/p>\n","protected":false},"excerpt":{"rendered":"<p><strong>Aromatic89\u00a0Auto \u00f5huv\u00e4rskendaja ventilatsiooniklamber<\/strong><\/p>\n<p>Eksklusiivne l\u00f5hnakomplekt, mis on loodud sinu k\u00f5ige meeldej\u00e4\u00e4vamate reisihetkede jaoks ning r\u00f5\u00f5mustab sind aastaringselt!<\/p>\n<p>Efektiivsus: taaskasutatav hoidik asendatavate l\u00f5hnakapslitega, mille aroom s\u00e4ilib kuni 30 p\u00e4eva.<br \/>\nT\u00c4HTIS: l\u00f5hnakapsli efektiivsus on tugevaim sooja \u00f5hu tsirkulatsiooni korral.<br \/>\nL\u00e4bim\u00f5\u00f5t: 3,7cm.<\/p>\n<p>Auto \u00f5huv\u00e4rskendaja ja populaarsed Aromatic \u202289\u2022 l\u00f5hnad on pakendatud luksusliku v\u00e4limusega karpi, nii et komplekti saabumine on veel \u00fcks paljudest elegantsetest elamustest!<\/p>\n<p>&nbsp;<\/p>\n<p>&nbsp;<\/p>\n","protected":false},"featured_media":35886,"template":"","meta":[],"product_brand":[],"product_cat":[1165],"product_tag":[],"class_list":{"0":"post-35885","1":"product","2":"type-product","3":"status-publish","4":"has-post-thumbnail","6":"product_cat-aromatic89","8":"first","9":"outofstock","10":"taxable","11":"shipping-taxable","12":"purchasable","13":"product-type-simple"},"_links":{"self":[{"href":"https:\/\/www.allforhorses.ee\/en\/wp-json\/wp\/v2\/product\/35885","targetHints":{"allow":["GET"]}}],"collection":[{"href":"https:\/\/www.allforhorses.ee\/en\/wp-json\/wp\/v2\/product"}],"about":[{"href":"https:\/\/www.allforhorses.ee\/en\/wp-json\/wp\/v2\/types\/product"}],"wp:featuredmedia":[{"embeddable":true,"href":"https:\/\/www.allforhorses.ee\/en\/wp-json\/wp\/v2\/media\/35886"}],"wp:attachment":[{"href":"https:\/\/www.allforhorses.ee\/en\/wp-json\/wp\/v2\/media?parent=35885"}],"wp:term":[{"taxonomy":"product_brand","embeddable":true,"href":"https:\/\/www.allforhorses.ee\/en\/wp-json\/wp\/v2\/product_brand?post=35885"},{"taxonomy":"product_cat","embeddable":true,"href":"https:\/\/www.allforhorses.ee\/en\/wp-json\/wp\/v2\/product_cat?post=35885"},{"taxonomy":"product_tag","embeddable":true,"href":"https:\/\/www.allforhorses.ee\/en\/wp-json\/wp\/v2\/product_tag?post=35885"}],"curies":[{"name":"wp","href":"https:\/\/api.w.org\/{rel}","templated":true}]}}